{"id":6951,"date":"2024-05-03T16:08:23","date_gmt":"2024-05-03T20:08:23","guid":{"rendered":"https:\/\/fuzzymuzik.com\/?post_type=product&#038;p=6951"},"modified":"2026-03-31T20:39:52","modified_gmt":"2026-04-01T00:39:52","slug":"jenny-rock-rendez-vous-avec-toi-lp-_-1966-_-nm","status":"publish","type":"product","link":"https:\/\/fuzzymuzik.com\/en\/product\/jenny-rock-rendez-vous-avec-toi-lp-_-1966-_-nm\/","title":{"rendered":"Jenny Rock - Rendez-vous avec toi LP _ 1966 _ NM-"},"content":{"rendered":"","protected":false},"excerpt":{"rendered":"<p>Pionni\u00e8re au Qu\u00e9bec, ses albums en excellent \u00e9tat se font rares et approchent les 60 ans. Nous vous offrons son album \u00ab\u00a0Rendez-vous avec toi\u00a0\u00bb dans sa premi\u00e8re variation, label APEX noir dans une condition impressionnante, une tr\u00e8s belle copie encore \u00ab\u00a0\u00e0 la FuzzyMuzik\u00a0\u00bb.<\/p>\n<p>Label: APEX ALF-1583, 1966, Canada<\/p>\n<p>Photos of the disc we have in our hands.<\/p>\n<p>EX- (top condition \/ NM- (wow!)<\/p>","protected":false},"featured_media":6948,"template":"","meta":[],"product_brand":[],"product_cat":[115,27,33],"product_tag":[],"class_list":{"0":"post-6951","1":"product","2":"type-product","3":"status-publish","4":"has-post-thumbnail","6":"product_cat-quebecois-francophone-vinyles-usages","7":"product_cat-vinyles","8":"product_cat-vinyles-usages","9":"product_shipping_class-disques-us","11":"first","12":"instock","13":"taxable","14":"shipping-taxable","15":"purchasable","16":"product-type-simple"},"_links":{"self":[{"href":"https:\/\/fuzzymuzik.com\/en\/wp-json\/wp\/v2\/product\/6951","targetHints":{"allow":["GET"]}}],"collection":[{"href":"https:\/\/fuzzymuzik.com\/en\/wp-json\/wp\/v2\/product"}],"about":[{"href":"https:\/\/fuzzymuzik.com\/en\/wp-json\/wp\/v2\/types\/product"}],"wp:featuredmedia":[{"embeddable":true,"href":"https:\/\/fuzzymuzik.com\/en\/wp-json\/wp\/v2\/media\/6948"}],"wp:attachment":[{"href":"https:\/\/fuzzymuzik.com\/en\/wp-json\/wp\/v2\/media?parent=6951"}],"wp:term":[{"taxonomy":"product_brand","embeddable":true,"href":"https:\/\/fuzzymuzik.com\/en\/wp-json\/wp\/v2\/product_brand?post=6951"},{"taxonomy":"product_cat","embeddable":true,"href":"https:\/\/fuzzymuzik.com\/en\/wp-json\/wp\/v2\/product_cat?post=6951"},{"taxonomy":"product_tag","embeddable":true,"href":"https:\/\/fuzzymuzik.com\/en\/wp-json\/wp\/v2\/product_tag?post=6951"}],"curies":[{"name":"wp","href":"https:\/\/api.w.org\/{rel}","templated":true}]}}