{"id":6813,"date":"2024-05-26T14:18:13","date_gmt":"2024-05-26T18:18:13","guid":{"rendered":"https:\/\/fuzzymuzik.com\/?post_type=product&#038;p=6813"},"modified":"2026-03-31T20:39:09","modified_gmt":"2026-04-01T00:39:09","slug":"population-ii-a-la-o-terre-lp","status":"publish","type":"product","link":"https:\/\/fuzzymuzik.com\/en\/product\/population-ii-a-la-o-terre-lp\/","title":{"rendered":"Population II - \u00c0 La \u00d4 Terre LP _ New"},"content":{"rendered":"","protected":false},"excerpt":{"rendered":"<p>En rupture d&rsquo;inventaire un peu partout <em>et la derni\u00e8re copie<\/em> que nous avons de leur premier album, il s&rsquo;agit du pressage original noir, 1000 copies initiales r\u00e9parties en deux variations. Nous en sommes certains puisque nous avons acquis les dix derni\u00e8res d&rsquo;un lot distribu\u00e9 \u00e0 des commerces am\u00e9ricains et europ\u00e9ens. Cet album a \u00e9t\u00e9 par la suite r\u00e9\u00e9dit\u00e9 rapidement par le press maker qui a rapidement ferm\u00e9 boutique (et presse) depuis, et est pour la seconde fois en rupture de stock ou indisponible localement. Il reste des copies en Europe et aux \u00c9tats-Unis via Discogs. Les copies de cet album se font rares. Il nous fait plaisir de vous l&rsquo;offrir.<\/p>\n<p>New \/ Sealed _ Mint \/ Mint _ Label: Castle Face CF-125, 2020 _ 767870664588<\/p>","protected":false},"featured_media":6814,"template":"","meta":[],"product_brand":[],"product_cat":[111,142,27,34],"product_tag":[],"class_list":{"0":"post-6813","1":"product","2":"type-product","3":"status-publish","4":"has-post-thumbnail","6":"product_cat-quebecois-francophone","7":"product_cat-rock","8":"product_cat-vinyles","9":"product_cat-vinyles-neufs","10":"product_shipping_class-disques-us","12":"first","13":"instock","14":"taxable","15":"shipping-taxable","16":"purchasable","17":"product-type-simple"},"_links":{"self":[{"href":"https:\/\/fuzzymuzik.com\/en\/wp-json\/wp\/v2\/product\/6813","targetHints":{"allow":["GET"]}}],"collection":[{"href":"https:\/\/fuzzymuzik.com\/en\/wp-json\/wp\/v2\/product"}],"about":[{"href":"https:\/\/fuzzymuzik.com\/en\/wp-json\/wp\/v2\/types\/product"}],"wp:featuredmedia":[{"embeddable":true,"href":"https:\/\/fuzzymuzik.com\/en\/wp-json\/wp\/v2\/media\/6814"}],"wp:attachment":[{"href":"https:\/\/fuzzymuzik.com\/en\/wp-json\/wp\/v2\/media?parent=6813"}],"wp:term":[{"taxonomy":"product_brand","embeddable":true,"href":"https:\/\/fuzzymuzik.com\/en\/wp-json\/wp\/v2\/product_brand?post=6813"},{"taxonomy":"product_cat","embeddable":true,"href":"https:\/\/fuzzymuzik.com\/en\/wp-json\/wp\/v2\/product_cat?post=6813"},{"taxonomy":"product_tag","embeddable":true,"href":"https:\/\/fuzzymuzik.com\/en\/wp-json\/wp\/v2\/product_tag?post=6813"}],"curies":[{"name":"wp","href":"https:\/\/api.w.org\/{rel}","templated":true}]}}