{"id":35381,"date":"2026-04-05T15:51:06","date_gmt":"2026-04-05T19:51:06","guid":{"rendered":"https:\/\/fuzzymuzik.com\/?post_type=product&#038;p=35381"},"modified":"2026-04-05T15:56:43","modified_gmt":"2026-04-05T19:56:43","slug":"pretenders-pretenders-ii-lp","status":"publish","type":"product","link":"https:\/\/fuzzymuzik.com\/en\/product\/pretenders-pretenders-ii-lp\/","title":{"rendered":"Pretenders \u2013 Pretenders II LP"},"content":{"rendered":"","protected":false},"excerpt":{"rendered":"<p>Viens avec coupures de magazines rock d&rsquo;\u00e9poque et vous verrez que le seul et pr\u00e9c\u00e9dent propri\u00e9taire de cet album, trouvait Chrissie Hynde de son go\u00fbt \ud83d\ude42<\/p>\n<p>Vinyl, Album, Label : Sire \u2013 XSR 3572, 1981, Canada<\/p>\n<p><span style=\"font-weight: 400;\">Vinyl condition: NM-<\/span><\/p>\n<p><span style=\"font-weight: 400;\">Condition of cover: VG+, w\/ OIS<\/span><\/p>\n<p>_____<\/p>\n<p><i><span style=\"font-weight: 400;\">We use disc images for reference only. Please note that the photos shown are for reference only. Please refer to our legend to fully understand the condition.<\/span><\/i><\/p>","protected":false},"featured_media":35382,"template":"","meta":[],"product_brand":[],"product_cat":[56,143,27,33],"product_tag":[],"class_list":{"0":"post-35381","1":"product","2":"type-product","3":"status-publish","4":"has-post-thumbnail","6":"product_cat-alternatif","7":"product_cat-rock-vinyles-usages","8":"product_cat-vinyles","9":"product_cat-vinyles-usages","10":"product_shipping_class-disques-us","12":"first","13":"instock","14":"sold-individually","15":"taxable","16":"shipping-taxable","17":"purchasable","18":"product-type-simple"},"_links":{"self":[{"href":"https:\/\/fuzzymuzik.com\/en\/wp-json\/wp\/v2\/product\/35381","targetHints":{"allow":["GET"]}}],"collection":[{"href":"https:\/\/fuzzymuzik.com\/en\/wp-json\/wp\/v2\/product"}],"about":[{"href":"https:\/\/fuzzymuzik.com\/en\/wp-json\/wp\/v2\/types\/product"}],"wp:featuredmedia":[{"embeddable":true,"href":"https:\/\/fuzzymuzik.com\/en\/wp-json\/wp\/v2\/media\/35382"}],"wp:attachment":[{"href":"https:\/\/fuzzymuzik.com\/en\/wp-json\/wp\/v2\/media?parent=35381"}],"wp:term":[{"taxonomy":"product_brand","embeddable":true,"href":"https:\/\/fuzzymuzik.com\/en\/wp-json\/wp\/v2\/product_brand?post=35381"},{"taxonomy":"product_cat","embeddable":true,"href":"https:\/\/fuzzymuzik.com\/en\/wp-json\/wp\/v2\/product_cat?post=35381"},{"taxonomy":"product_tag","embeddable":true,"href":"https:\/\/fuzzymuzik.com\/en\/wp-json\/wp\/v2\/product_tag?post=35381"}],"curies":[{"name":"wp","href":"https:\/\/api.w.org\/{rel}","templated":true}]}}