{"id":35255,"date":"2026-04-04T20:54:43","date_gmt":"2026-04-05T00:54:43","guid":{"rendered":"https:\/\/fuzzymuzik.com\/?post_type=product&#038;p=35255"},"modified":"2026-04-04T20:59:16","modified_gmt":"2026-04-05T00:59:16","slug":"charles-aznavour-entre-deux-reves-_-in-shrink","status":"publish","type":"product","link":"https:\/\/fuzzymuzik.com\/en\/product\/charles-aznavour-entre-deux-reves-_-in-shrink\/","title":{"rendered":"Charles Aznavour \u2013 Entre Deux R\u00eaves _ In shrink  !"},"content":{"rendered":"","protected":false},"excerpt":{"rendered":"<p>S\u00e9rieux nous avons \u00e9t\u00e9 \u00e9tonn\u00e9 de cette condition pour un album qui arrive \u00e0 60 ans !<\/p>\n<p><span class=\"MuiTypography-root MuiTypography-labelSmall css-1kybk0l\">Vinyle, Album, Label : Barclay \u2013 B 80000, 1967, Canada<\/span><\/p>\n<p>Vinyl condition: NM-<\/p>\n<p>Cover condition : NM-, in shrink !<\/p>\n<p>_____<\/p>\n<p>We use disc images for reference only. Please note that the photos shown are for reference only. Please refer to our legend to fully understand the condition.<\/p>\n<p>&nbsp;<\/p>","protected":false},"featured_media":35256,"template":"","meta":[],"product_brand":[],"product_cat":[115,27,33],"product_tag":[],"class_list":{"0":"post-35255","1":"product","2":"type-product","3":"status-publish","4":"has-post-thumbnail","6":"product_cat-quebecois-francophone-vinyles-usages","7":"product_cat-vinyles","8":"product_cat-vinyles-usages","10":"first","11":"instock","12":"sold-individually","13":"taxable","14":"shipping-taxable","15":"purchasable","16":"product-type-simple"},"_links":{"self":[{"href":"https:\/\/fuzzymuzik.com\/en\/wp-json\/wp\/v2\/product\/35255","targetHints":{"allow":["GET"]}}],"collection":[{"href":"https:\/\/fuzzymuzik.com\/en\/wp-json\/wp\/v2\/product"}],"about":[{"href":"https:\/\/fuzzymuzik.com\/en\/wp-json\/wp\/v2\/types\/product"}],"wp:featuredmedia":[{"embeddable":true,"href":"https:\/\/fuzzymuzik.com\/en\/wp-json\/wp\/v2\/media\/35256"}],"wp:attachment":[{"href":"https:\/\/fuzzymuzik.com\/en\/wp-json\/wp\/v2\/media?parent=35255"}],"wp:term":[{"taxonomy":"product_brand","embeddable":true,"href":"https:\/\/fuzzymuzik.com\/en\/wp-json\/wp\/v2\/product_brand?post=35255"},{"taxonomy":"product_cat","embeddable":true,"href":"https:\/\/fuzzymuzik.com\/en\/wp-json\/wp\/v2\/product_cat?post=35255"},{"taxonomy":"product_tag","embeddable":true,"href":"https:\/\/fuzzymuzik.com\/en\/wp-json\/wp\/v2\/product_tag?post=35255"}],"curies":[{"name":"wp","href":"https:\/\/api.w.org\/{rel}","templated":true}]}}