{"id":35241,"date":"2026-04-04T20:11:23","date_gmt":"2026-04-05T00:11:23","guid":{"rendered":"https:\/\/fuzzymuzik.com\/?post_type=product&#038;p=35241"},"modified":"2026-04-07T17:38:18","modified_gmt":"2026-04-07T21:38:18","slug":"kiss-mtv-unplugged-2x-lp-_-sealed-1996-w-hype-sticker-%f0%9f%94%a5%f0%9f%94%a5","status":"publish","type":"product","link":"https:\/\/fuzzymuzik.com\/en\/product\/kiss-mtv-unplugged-2x-lp-_-sealed-1996-w-hype-sticker-%f0%9f%94%a5%f0%9f%94%a5\/","title":{"rendered":"Kiss \u200e\u2013 MTV Unplugged 2X LP _ Sealed 1996 w\/ hype sticker ! \ud83d\udd25\ud83d\udd25"},"content":{"rendered":"","protected":false},"excerpt":{"rendered":"<p><span class=\"MuiTypography-root MuiTypography-labelSmall css-1kybk0l\">Vinyle, Album, Label : Mercury \u2013 314 528 950-1, 1996, USA<\/span><\/p>\n<p>Vinyl condition: Mint _ Mint<\/p>\n<p>\u00c9tat de la pochette : EX : un petit impact dans le haut du seam. Disque scell\u00e9. Croyez-nous .. un deal \u00e0 ce prix !<\/p>\n<p>_____<\/p>\n<p>We use disc images for reference only. Please note that the photos shown are for reference only. Please refer to our legend to fully understand the condition.<\/p>\n<p>&nbsp;<\/p>","protected":false},"featured_media":35246,"template":"","meta":[],"product_brand":[],"product_cat":[144,27,33],"product_tag":[],"class_list":{"0":"post-35241","1":"product","2":"type-product","3":"status-publish","4":"has-post-thumbnail","6":"product_cat-hard-rock","7":"product_cat-vinyles","8":"product_cat-vinyles-usages","10":"first","11":"outofstock","12":"sold-individually","13":"taxable","14":"shipping-taxable","15":"purchasable","16":"product-type-simple"},"_links":{"self":[{"href":"https:\/\/fuzzymuzik.com\/en\/wp-json\/wp\/v2\/product\/35241","targetHints":{"allow":["GET"]}}],"collection":[{"href":"https:\/\/fuzzymuzik.com\/en\/wp-json\/wp\/v2\/product"}],"about":[{"href":"https:\/\/fuzzymuzik.com\/en\/wp-json\/wp\/v2\/types\/product"}],"wp:featuredmedia":[{"embeddable":true,"href":"https:\/\/fuzzymuzik.com\/en\/wp-json\/wp\/v2\/media\/35246"}],"wp:attachment":[{"href":"https:\/\/fuzzymuzik.com\/en\/wp-json\/wp\/v2\/media?parent=35241"}],"wp:term":[{"taxonomy":"product_brand","embeddable":true,"href":"https:\/\/fuzzymuzik.com\/en\/wp-json\/wp\/v2\/product_brand?post=35241"},{"taxonomy":"product_cat","embeddable":true,"href":"https:\/\/fuzzymuzik.com\/en\/wp-json\/wp\/v2\/product_cat?post=35241"},{"taxonomy":"product_tag","embeddable":true,"href":"https:\/\/fuzzymuzik.com\/en\/wp-json\/wp\/v2\/product_tag?post=35241"}],"curies":[{"name":"wp","href":"https:\/\/api.w.org\/{rel}","templated":true}]}}