{"id":35007,"date":"2026-03-29T17:14:09","date_gmt":"2026-03-29T21:14:09","guid":{"rendered":"https:\/\/fuzzymuzik.com\/?post_type=product&#038;p=35007"},"modified":"2026-04-04T19:25:52","modified_gmt":"2026-04-04T23:25:52","slug":"the-rolling-stones-goats-head-soup-lp-_-in-shrink","status":"publish","type":"product","link":"https:\/\/fuzzymuzik.com\/en\/product\/the-rolling-stones-goats-head-soup-lp-_-in-shrink\/","title":{"rendered":"The Rolling Stones \u200e\u2013 Goats Head Soup LP _ In Shrink!"},"content":{"rendered":"","protected":false},"excerpt":{"rendered":"<p>Vinyle, Album, Label :Rolling Stones Records \u200e\u2013 COC 59101, Canada 1973 Gatefold.<\/p>\n<p>\u00c9tat vinyles :\u00a0 EX Superbe copie!<\/p>\n<p>\u00c9tat de la pochette :\u00a0 VG+ to EX , gatefold ouvert, solid one en raison de ruban gomm\u00e9 qui a jauni en plus de 50 ans, utilis\u00e9 pour prot\u00e9ger la pochette et toujours pr\u00e9sent.<\/p>\n<p>_____<\/p>\n<p>We use disc images for reference only. Please note that the photos shown are for reference only. Please refer to our legend to fully understand the condition.<\/p>","protected":false},"featured_media":35015,"template":"","meta":[],"product_brand":[],"product_cat":[143,27,33],"product_tag":[],"class_list":{"0":"post-35007","1":"product","2":"type-product","3":"status-publish","4":"has-post-thumbnail","6":"product_cat-rock-vinyles-usages","7":"product_cat-vinyles","8":"product_cat-vinyles-usages","9":"product_shipping_class-disques-us","11":"first","12":"instock","13":"taxable","14":"shipping-taxable","15":"purchasable","16":"product-type-simple"},"_links":{"self":[{"href":"https:\/\/fuzzymuzik.com\/en\/wp-json\/wp\/v2\/product\/35007","targetHints":{"allow":["GET"]}}],"collection":[{"href":"https:\/\/fuzzymuzik.com\/en\/wp-json\/wp\/v2\/product"}],"about":[{"href":"https:\/\/fuzzymuzik.com\/en\/wp-json\/wp\/v2\/types\/product"}],"wp:featuredmedia":[{"embeddable":true,"href":"https:\/\/fuzzymuzik.com\/en\/wp-json\/wp\/v2\/media\/35015"}],"wp:attachment":[{"href":"https:\/\/fuzzymuzik.com\/en\/wp-json\/wp\/v2\/media?parent=35007"}],"wp:term":[{"taxonomy":"product_brand","embeddable":true,"href":"https:\/\/fuzzymuzik.com\/en\/wp-json\/wp\/v2\/product_brand?post=35007"},{"taxonomy":"product_cat","embeddable":true,"href":"https:\/\/fuzzymuzik.com\/en\/wp-json\/wp\/v2\/product_cat?post=35007"},{"taxonomy":"product_tag","embeddable":true,"href":"https:\/\/fuzzymuzik.com\/en\/wp-json\/wp\/v2\/product_tag?post=35007"}],"curies":[{"name":"wp","href":"https:\/\/api.w.org\/{rel}","templated":true}]}}