{"id":34985,"date":"2026-03-29T16:26:04","date_gmt":"2026-03-29T20:26:04","guid":{"rendered":"https:\/\/fuzzymuzik.com\/?post_type=product&#038;p=34985"},"modified":"2026-04-04T19:26:31","modified_gmt":"2026-04-04T23:26:31","slug":"whitney-houston-one-wish-the-holiday-album-lp-_-in-shrink-w-hype-sticker","status":"publish","type":"product","link":"https:\/\/fuzzymuzik.com\/en\/product\/whitney-houston-one-wish-the-holiday-album-lp-_-in-shrink-w-hype-sticker\/","title":{"rendered":"Whitney Houston \u2013 One Wish: The Holiday Album LP _ In shrink w\/ hype sticker !"},"content":{"rendered":"","protected":false},"excerpt":{"rendered":"<p>Une chance de l&rsquo;acqu\u00e9rir celui-l\u00e0, en rupture d&rsquo;inventaire un peu partout et No\u00ebl reviendra \ud83d\ude42<\/p>\n<p>Vinyle, Album, Label : Arista \u2013 19439764101, 2021, USA<\/p>\n<p><span style=\"font-weight: 400;\">Vinyl condition: NM-<\/span><\/p>\n<p><span style=\"font-weight: 400;\">Cover condition: NM-, in shrink w\/ hype sticker + OIS<\/span><\/p>\n<p>_____<\/p>\n<p><i><span style=\"font-weight: 400;\">We use disc images for reference only. Please note that the photos shown are for reference only. Please refer to our legend to fully understand the condition.<\/span><\/i><\/p>","protected":false},"featured_media":34986,"template":"","meta":[],"product_brand":[],"product_cat":[125,38,27,33],"product_tag":[],"class_list":{"0":"post-34985","1":"product","2":"type-product","3":"status-publish","4":"has-post-thumbnail","6":"product_cat-funk-soul","7":"product_cat-pop","8":"product_cat-vinyles","9":"product_cat-vinyles-usages","10":"product_shipping_class-disques-us","12":"first","13":"instock","14":"sold-individually","15":"taxable","16":"shipping-taxable","17":"purchasable","18":"product-type-simple"},"_links":{"self":[{"href":"https:\/\/fuzzymuzik.com\/en\/wp-json\/wp\/v2\/product\/34985","targetHints":{"allow":["GET"]}}],"collection":[{"href":"https:\/\/fuzzymuzik.com\/en\/wp-json\/wp\/v2\/product"}],"about":[{"href":"https:\/\/fuzzymuzik.com\/en\/wp-json\/wp\/v2\/types\/product"}],"wp:featuredmedia":[{"embeddable":true,"href":"https:\/\/fuzzymuzik.com\/en\/wp-json\/wp\/v2\/media\/34986"}],"wp:attachment":[{"href":"https:\/\/fuzzymuzik.com\/en\/wp-json\/wp\/v2\/media?parent=34985"}],"wp:term":[{"taxonomy":"product_brand","embeddable":true,"href":"https:\/\/fuzzymuzik.com\/en\/wp-json\/wp\/v2\/product_brand?post=34985"},{"taxonomy":"product_cat","embeddable":true,"href":"https:\/\/fuzzymuzik.com\/en\/wp-json\/wp\/v2\/product_cat?post=34985"},{"taxonomy":"product_tag","embeddable":true,"href":"https:\/\/fuzzymuzik.com\/en\/wp-json\/wp\/v2\/product_tag?post=34985"}],"curies":[{"name":"wp","href":"https:\/\/api.w.org\/{rel}","templated":true}]}}