{"id":34963,"date":"2026-03-29T15:57:34","date_gmt":"2026-03-29T19:57:34","guid":{"rendered":"https:\/\/fuzzymuzik.com\/?post_type=product&#038;p=34963"},"modified":"2026-04-04T19:27:32","modified_gmt":"2026-04-04T23:27:32","slug":"jeanne-mas-femmes-daujourdhui-lp","status":"publish","type":"product","link":"https:\/\/fuzzymuzik.com\/en\/product\/jeanne-mas-femmes-daujourdhui-lp\/","title":{"rendered":"Jeanne Mas \u2013 Femmes D&rsquo;Aujourd&rsquo;hui LP"},"content":{"rendered":"","protected":false},"excerpt":{"rendered":"<p>Vinyle, Album, Label : Path\u00e9 \u2013 SPAM 67428, 1986, Canada<\/p>\n<p><span style=\"font-weight: 400;\">\u00c9tat du vinyle : EX++ : la raison pourquoi nous l&rsquo;offrons. Le vinyle est top !<\/span><\/p>\n<p><span style=\"font-weight: 400;\">\u00c9tat de la pochette : G+ : ondulation en raison d&rsquo;humidit\u00e9, inside gatefold coll\u00e9 avec d\u00e9but de d\u00e9chirure aussi nous n&rsquo;avons pas poursuivi. Pas de moisissure.<\/span><\/p>\n<p>_____<\/p>\n<p><i><span style=\"font-weight: 400;\">We use disc images for reference only. Please note that the photos shown are for reference only. Please refer to our legend to fully understand the condition.<\/span><\/i><\/p>","protected":false},"featured_media":34966,"template":"","meta":[],"product_brand":[],"product_cat":[60,115,27,33],"product_tag":[],"class_list":{"0":"post-34963","1":"product","2":"type-product","3":"status-publish","4":"has-post-thumbnail","6":"product_cat-electro-ambient","7":"product_cat-quebecois-francophone-vinyles-usages","8":"product_cat-vinyles","9":"product_cat-vinyles-usages","10":"product_shipping_class-disques-us","12":"first","13":"instock","14":"sold-individually","15":"taxable","16":"shipping-taxable","17":"purchasable","18":"product-type-simple"},"_links":{"self":[{"href":"https:\/\/fuzzymuzik.com\/en\/wp-json\/wp\/v2\/product\/34963","targetHints":{"allow":["GET"]}}],"collection":[{"href":"https:\/\/fuzzymuzik.com\/en\/wp-json\/wp\/v2\/product"}],"about":[{"href":"https:\/\/fuzzymuzik.com\/en\/wp-json\/wp\/v2\/types\/product"}],"wp:featuredmedia":[{"embeddable":true,"href":"https:\/\/fuzzymuzik.com\/en\/wp-json\/wp\/v2\/media\/34966"}],"wp:attachment":[{"href":"https:\/\/fuzzymuzik.com\/en\/wp-json\/wp\/v2\/media?parent=34963"}],"wp:term":[{"taxonomy":"product_brand","embeddable":true,"href":"https:\/\/fuzzymuzik.com\/en\/wp-json\/wp\/v2\/product_brand?post=34963"},{"taxonomy":"product_cat","embeddable":true,"href":"https:\/\/fuzzymuzik.com\/en\/wp-json\/wp\/v2\/product_cat?post=34963"},{"taxonomy":"product_tag","embeddable":true,"href":"https:\/\/fuzzymuzik.com\/en\/wp-json\/wp\/v2\/product_tag?post=34963"}],"curies":[{"name":"wp","href":"https:\/\/api.w.org\/{rel}","templated":true}]}}