{"id":34933,"date":"2026-03-29T15:28:14","date_gmt":"2026-03-29T19:28:14","guid":{"rendered":"https:\/\/fuzzymuzik.com\/?post_type=product&#038;p=34933"},"modified":"2026-04-04T19:22:33","modified_gmt":"2026-04-04T23:22:33","slug":"house-of-lords-house-of-lords-lp-_-copie-promotionnelle-autographiee-2","status":"publish","type":"product","link":"https:\/\/fuzzymuzik.com\/en\/product\/house-of-lords-house-of-lords-lp-_-copie-promotionnelle-autographiee-2\/","title":{"rendered":"House Of Lords  \u2013 House Of Lords LP _ Copie promotionnelle autographi\u00e9e !"},"content":{"rendered":"","protected":false},"excerpt":{"rendered":"<p>Vinyle, Album, Label :RCA Victor<span class=\"MuiTypography-root MuiTypography-labelSmall css-1kybk0l\">\u00a0\u2013 8530-1-R<\/span>,\u00a0Simmons Records<span class=\"MuiTypography-root MuiTypography-labelSmall css-1kybk0l\"> \u2013 8530-1-R, Canada 1988.<\/span><\/p>\n<p>\u00c9tat vinyles :\u00a0 NM-<\/p>\n<p>\u00c9tat de la pochette : NM- autographi\u00e9 \u00e0 l\u2019arri\u00e8re de la pochette.<\/p>\n<p>_____<\/p>\n<p>We use disc images for reference only. Please note that the photos shown are for reference only. Please refer to our legend to fully understand the condition.<\/p>","protected":false},"featured_media":34937,"template":"","meta":[],"product_brand":[],"product_cat":[144,27,33],"product_tag":[],"class_list":{"0":"post-34933","1":"product","2":"type-product","3":"status-publish","4":"has-post-thumbnail","6":"product_cat-hard-rock","7":"product_cat-vinyles","8":"product_cat-vinyles-usages","9":"product_shipping_class-disques-us","11":"first","12":"instock","13":"taxable","14":"shipping-taxable","15":"purchasable","16":"product-type-simple"},"_links":{"self":[{"href":"https:\/\/fuzzymuzik.com\/en\/wp-json\/wp\/v2\/product\/34933","targetHints":{"allow":["GET"]}}],"collection":[{"href":"https:\/\/fuzzymuzik.com\/en\/wp-json\/wp\/v2\/product"}],"about":[{"href":"https:\/\/fuzzymuzik.com\/en\/wp-json\/wp\/v2\/types\/product"}],"wp:featuredmedia":[{"embeddable":true,"href":"https:\/\/fuzzymuzik.com\/en\/wp-json\/wp\/v2\/media\/34937"}],"wp:attachment":[{"href":"https:\/\/fuzzymuzik.com\/en\/wp-json\/wp\/v2\/media?parent=34933"}],"wp:term":[{"taxonomy":"product_brand","embeddable":true,"href":"https:\/\/fuzzymuzik.com\/en\/wp-json\/wp\/v2\/product_brand?post=34933"},{"taxonomy":"product_cat","embeddable":true,"href":"https:\/\/fuzzymuzik.com\/en\/wp-json\/wp\/v2\/product_cat?post=34933"},{"taxonomy":"product_tag","embeddable":true,"href":"https:\/\/fuzzymuzik.com\/en\/wp-json\/wp\/v2\/product_tag?post=34933"}],"curies":[{"name":"wp","href":"https:\/\/api.w.org\/{rel}","templated":true}]}}