{"id":34928,"date":"2026-03-29T15:22:49","date_gmt":"2026-03-29T19:22:49","guid":{"rendered":"https:\/\/fuzzymuzik.com\/?post_type=product&#038;p=34928"},"modified":"2026-04-04T19:22:41","modified_gmt":"2026-04-04T23:22:41","slug":"simon-garfunkel-simon-and-garfunkels-greatest-hits-lp-copie","status":"publish","type":"product","link":"https:\/\/fuzzymuzik.com\/en\/product\/simon-garfunkel-simon-and-garfunkels-greatest-hits-lp-copie\/","title":{"rendered":"Ken Tobias \u2013 Siren Spell LP _ 1976"},"content":{"rendered":"","protected":false},"excerpt":{"rendered":"<p>Vinyle, Album, Label : Attic \u2013 LAT 1013, 1976, Canada<\/p>\n<p><span style=\"font-weight: 400;\">Vinyl condition: EX++<\/span><\/p>\n<p><span style=\"font-weight: 400;\">\u00c9tat de la pochette : EX : l\u00e9g\u00e8re d\u00e9coloration front sleeve, verso d\u00e9but ringwear dans le haut. Grading s\u00e9v\u00e8re.<\/span><\/p>\n<p>_____<\/p>\n<p><i><span style=\"font-weight: 400;\">We use disc images for reference only. Please note that the photos shown are for reference only. Please refer to our legend to fully understand the condition.<\/span><\/i><\/p>","protected":false},"featured_media":34932,"template":"","meta":[],"product_brand":[],"product_cat":[143,27,33],"product_tag":[],"class_list":{"0":"post-34928","1":"product","2":"type-product","3":"status-publish","4":"has-post-thumbnail","6":"product_cat-rock-vinyles-usages","7":"product_cat-vinyles","8":"product_cat-vinyles-usages","9":"product_shipping_class-disques-us","11":"first","12":"instock","13":"sold-individually","14":"taxable","15":"shipping-taxable","16":"purchasable","17":"product-type-simple"},"_links":{"self":[{"href":"https:\/\/fuzzymuzik.com\/en\/wp-json\/wp\/v2\/product\/34928","targetHints":{"allow":["GET"]}}],"collection":[{"href":"https:\/\/fuzzymuzik.com\/en\/wp-json\/wp\/v2\/product"}],"about":[{"href":"https:\/\/fuzzymuzik.com\/en\/wp-json\/wp\/v2\/types\/product"}],"wp:featuredmedia":[{"embeddable":true,"href":"https:\/\/fuzzymuzik.com\/en\/wp-json\/wp\/v2\/media\/34932"}],"wp:attachment":[{"href":"https:\/\/fuzzymuzik.com\/en\/wp-json\/wp\/v2\/media?parent=34928"}],"wp:term":[{"taxonomy":"product_brand","embeddable":true,"href":"https:\/\/fuzzymuzik.com\/en\/wp-json\/wp\/v2\/product_brand?post=34928"},{"taxonomy":"product_cat","embeddable":true,"href":"https:\/\/fuzzymuzik.com\/en\/wp-json\/wp\/v2\/product_cat?post=34928"},{"taxonomy":"product_tag","embeddable":true,"href":"https:\/\/fuzzymuzik.com\/en\/wp-json\/wp\/v2\/product_tag?post=34928"}],"curies":[{"name":"wp","href":"https:\/\/api.w.org\/{rel}","templated":true}]}}