{"id":34784,"date":"2026-03-24T12:46:06","date_gmt":"2026-03-24T16:46:06","guid":{"rendered":"https:\/\/fuzzymuzik.com\/?post_type=product&#038;p=34784"},"modified":"2026-03-24T12:50:32","modified_gmt":"2026-03-24T16:50:32","slug":"ennio-morricone-film-music-1966-1987-lp-_-still-sealed-from-1987","status":"publish","type":"product","link":"https:\/\/fuzzymuzik.com\/en\/product\/ennio-morricone-film-music-1966-1987-lp-_-still-sealed-from-1987\/","title":{"rendered":"Ennio Morricone \u200e\u2013 Film Music 1966-1987 LP _ Still Sealed from 1987 !"},"content":{"rendered":"","protected":false},"excerpt":{"rendered":"<p>Nous avons r\u00e9guli\u00e8rement du Ennio Morricone mais rarement un pressage de cette qualit\u00e9.<\/p>\n<p>Vinyle, Album, Label : Virgin \u2013 VD2516, 1987, Canada<\/p>\n<p>Vinyl condition: Mint<\/p>\n<p>\u00c9tat de la pochette : NM- to Mint due to one promotional punch hole, front bottom left<\/p>\n<p>_____<\/p>\n<p><em>We use disc images for reference only. Please note that the photos shown are for reference only. Please refer to our legend to fully understand the condition.<\/em><\/p>","protected":false},"featured_media":34785,"template":"","meta":[],"product_brand":[],"product_cat":[63,27,33],"product_tag":[],"class_list":{"0":"post-34784","1":"product","2":"type-product","3":"status-publish","4":"has-post-thumbnail","6":"product_cat-soundtrack","7":"product_cat-vinyles","8":"product_cat-vinyles-usages","9":"product_shipping_class-disques-us","11":"first","12":"instock","13":"sold-individually","14":"taxable","15":"shipping-taxable","16":"purchasable","17":"product-type-simple"},"_links":{"self":[{"href":"https:\/\/fuzzymuzik.com\/en\/wp-json\/wp\/v2\/product\/34784","targetHints":{"allow":["GET"]}}],"collection":[{"href":"https:\/\/fuzzymuzik.com\/en\/wp-json\/wp\/v2\/product"}],"about":[{"href":"https:\/\/fuzzymuzik.com\/en\/wp-json\/wp\/v2\/types\/product"}],"wp:featuredmedia":[{"embeddable":true,"href":"https:\/\/fuzzymuzik.com\/en\/wp-json\/wp\/v2\/media\/34785"}],"wp:attachment":[{"href":"https:\/\/fuzzymuzik.com\/en\/wp-json\/wp\/v2\/media?parent=34784"}],"wp:term":[{"taxonomy":"product_brand","embeddable":true,"href":"https:\/\/fuzzymuzik.com\/en\/wp-json\/wp\/v2\/product_brand?post=34784"},{"taxonomy":"product_cat","embeddable":true,"href":"https:\/\/fuzzymuzik.com\/en\/wp-json\/wp\/v2\/product_cat?post=34784"},{"taxonomy":"product_tag","embeddable":true,"href":"https:\/\/fuzzymuzik.com\/en\/wp-json\/wp\/v2\/product_tag?post=34784"}],"curies":[{"name":"wp","href":"https:\/\/api.w.org\/{rel}","templated":true}]}}