{"id":34411,"date":"2026-03-18T21:05:50","date_gmt":"2026-03-19T01:05:50","guid":{"rendered":"https:\/\/fuzzymuzik.com\/?post_type=product&#038;p=34411"},"modified":"2026-03-18T21:12:21","modified_gmt":"2026-03-19T01:12:21","slug":"jim-corcoran-bertrand-gosselin-a-labri-de-la-tempete-lp","status":"publish","type":"product","link":"https:\/\/fuzzymuzik.com\/en\/product\/jim-corcoran-bertrand-gosselin-a-labri-de-la-tempete-lp\/","title":{"rendered":"Jim Corcoran, Bertrand Gosselin \u200e\u2013 \u00c0 L&rsquo;abri De La Temp\u00eate LP"},"content":{"rendered":"","protected":false},"excerpt":{"rendered":"<p>Vinyle, Album, Label :K\u00e9bec-Disc \u200e\u2013 KDL-965, Canada 1979<\/p>\n<p><span style=\"font-weight: 400;\">Vinyl condition: NM-<\/span><\/p>\n<p><span style=\"font-weight: 400;\">Condition of sleeve: NM- Original inner sleeve included.<\/span><\/p>\n<p>_____<\/p>\n<p><i><span style=\"font-weight: 400;\">We use disc images for reference only. Please note that the photos shown are for reference only. Please refer to our legend to fully understand the condition.<\/span><\/i><\/p>","protected":false},"featured_media":34412,"template":"","meta":[],"product_brand":[],"product_cat":[115,27,33],"product_tag":[],"class_list":{"0":"post-34411","1":"product","2":"type-product","3":"status-publish","4":"has-post-thumbnail","6":"product_cat-quebecois-francophone-vinyles-usages","7":"product_cat-vinyles","8":"product_cat-vinyles-usages","9":"product_shipping_class-disques-us","11":"first","12":"instock","13":"sold-individually","14":"taxable","15":"shipping-taxable","16":"purchasable","17":"product-type-simple"},"_links":{"self":[{"href":"https:\/\/fuzzymuzik.com\/en\/wp-json\/wp\/v2\/product\/34411","targetHints":{"allow":["GET"]}}],"collection":[{"href":"https:\/\/fuzzymuzik.com\/en\/wp-json\/wp\/v2\/product"}],"about":[{"href":"https:\/\/fuzzymuzik.com\/en\/wp-json\/wp\/v2\/types\/product"}],"wp:featuredmedia":[{"embeddable":true,"href":"https:\/\/fuzzymuzik.com\/en\/wp-json\/wp\/v2\/media\/34412"}],"wp:attachment":[{"href":"https:\/\/fuzzymuzik.com\/en\/wp-json\/wp\/v2\/media?parent=34411"}],"wp:term":[{"taxonomy":"product_brand","embeddable":true,"href":"https:\/\/fuzzymuzik.com\/en\/wp-json\/wp\/v2\/product_brand?post=34411"},{"taxonomy":"product_cat","embeddable":true,"href":"https:\/\/fuzzymuzik.com\/en\/wp-json\/wp\/v2\/product_cat?post=34411"},{"taxonomy":"product_tag","embeddable":true,"href":"https:\/\/fuzzymuzik.com\/en\/wp-json\/wp\/v2\/product_tag?post=34411"}],"curies":[{"name":"wp","href":"https:\/\/api.w.org\/{rel}","templated":true}]}}