{"id":33793,"date":"2026-03-04T19:52:32","date_gmt":"2026-03-05T00:52:32","guid":{"rendered":"https:\/\/fuzzymuzik.com\/?post_type=product&#038;p=33793"},"modified":"2026-03-04T20:09:02","modified_gmt":"2026-03-05T01:09:02","slug":"emerson-lake-palmer-tarkus-lp-_-in-shrink","status":"publish","type":"product","link":"https:\/\/fuzzymuzik.com\/en\/product\/emerson-lake-palmer-tarkus-lp-_-in-shrink\/","title":{"rendered":"Emerson, Lake &#038; Palmer \u2013 Tarkus LP _ In Shrink ! _ Hype sticker!"},"content":{"rendered":"","protected":false},"excerpt":{"rendered":"<p>Vinyle, Album, Label :Cotillion\u00a0\u200e\u2013 SD 9900<span class=\"MuiTypography-root MuiTypography-labelSmall css-1kybk0l\">, Canada Gatefold<\/span><\/p>\n<p><span style=\"font-weight: 400;\">Vinyl condition: NM-<\/span><\/p>\n<p><span style=\"font-weight: 400;\">\u00c9tat de la pochette : VG+ to EX- , gatefold ouvert, solid one en raison de ruban gomm\u00e9 qui a jauni en plus de 50 ans, utilis\u00e9 pour prot\u00e9ger la pochette et toujours pr\u00e9sent. Hype sticker a l&rsquo;endos de la pochette.<\/span><\/p>\n<p>_____<\/p>\n<p><i><span style=\"font-weight: 400;\">We use disc images for reference only. Please note that the photos shown are for reference only. Please refer to our legend to fully understand the condition.<\/span><\/i><\/p>","protected":false},"featured_media":33794,"template":"","meta":[],"product_brand":[],"product_cat":[54,27,33],"product_tag":[],"class_list":{"0":"post-33793","1":"product","2":"type-product","3":"status-publish","4":"has-post-thumbnail","6":"product_cat-progressif","7":"product_cat-vinyles","8":"product_cat-vinyles-usages","9":"product_shipping_class-disques-us","11":"first","12":"instock","13":"sold-individually","14":"taxable","15":"shipping-taxable","16":"purchasable","17":"product-type-simple"},"_links":{"self":[{"href":"https:\/\/fuzzymuzik.com\/en\/wp-json\/wp\/v2\/product\/33793","targetHints":{"allow":["GET"]}}],"collection":[{"href":"https:\/\/fuzzymuzik.com\/en\/wp-json\/wp\/v2\/product"}],"about":[{"href":"https:\/\/fuzzymuzik.com\/en\/wp-json\/wp\/v2\/types\/product"}],"wp:featuredmedia":[{"embeddable":true,"href":"https:\/\/fuzzymuzik.com\/en\/wp-json\/wp\/v2\/media\/33794"}],"wp:attachment":[{"href":"https:\/\/fuzzymuzik.com\/en\/wp-json\/wp\/v2\/media?parent=33793"}],"wp:term":[{"taxonomy":"product_brand","embeddable":true,"href":"https:\/\/fuzzymuzik.com\/en\/wp-json\/wp\/v2\/product_brand?post=33793"},{"taxonomy":"product_cat","embeddable":true,"href":"https:\/\/fuzzymuzik.com\/en\/wp-json\/wp\/v2\/product_cat?post=33793"},{"taxonomy":"product_tag","embeddable":true,"href":"https:\/\/fuzzymuzik.com\/en\/wp-json\/wp\/v2\/product_tag?post=33793"}],"curies":[{"name":"wp","href":"https:\/\/api.w.org\/{rel}","templated":true}]}}