{"id":33392,"date":"2026-02-21T10:37:11","date_gmt":"2026-02-21T15:37:11","guid":{"rendered":"https:\/\/fuzzymuzik.com\/?post_type=product&#038;p=33392"},"modified":"2026-04-04T16:14:17","modified_gmt":"2026-04-04T20:14:17","slug":"kraftwerk-the-catalogue-_-box-set-of-8-cds-_-deluxe-full-lp-sized-booklet-featuring-artwork-and-photos","status":"publish","type":"product","link":"https:\/\/fuzzymuzik.com\/en\/product\/kraftwerk-the-catalogue-_-box-set-of-8-cds-_-deluxe-full-lp-sized-booklet-featuring-artwork-and-photos\/","title":{"rendered":"Kraftwerk \u2013 The Catalogue _ Box Set of 8 CDs _ Deluxe full LP-sized booklet featuring artwork and photos"},"content":{"rendered":"","protected":false},"excerpt":{"rendered":"<p>Un real one ici !<\/p>\n<p>Vinyle, Album, Label : Kling Klang <span class=\"MuiTypography-root MuiTypography-labelSmall css-1kybk0l\">\u2013 KLANGBOX 002, Astralwerks \u2013 50999 9 67506 2 9<\/span><\/p>\n<p><span style=\"font-weight: 400;\">\u00c9tat des CDs : All NM- and most unplayed !<\/span><\/p>\n<p><span style=\"font-weight: 400;\">\u00c9tat du box : EX++, tr\u00e8s l\u00e9gers signes d&rsquo;usure, seules de l\u00e9g\u00e8res manipulations et le temps, lui ont g\u00e9n\u00e9r\u00e9 une patine et petite variation de coloration entre edges and front\/back.<\/span><\/p>\n<p>_____<\/p>\n<p><i><span style=\"font-weight: 400;\">We use disc images for reference only. Please note that the photos shown are for reference only. Please refer to our legend to fully understand the condition.<\/span><\/i><\/p>","protected":false},"featured_media":33396,"template":"","meta":[],"product_brand":[],"product_cat":[64,155],"product_tag":[],"class_list":{"0":"post-33392","1":"product","2":"type-product","3":"status-publish","4":"has-post-thumbnail","6":"product_cat-cd","7":"product_cat-la-voute-disques-rares-vinyles-usages","8":"product_shipping_class-disques-us","10":"first","11":"instock","12":"sold-individually","13":"taxable","14":"shipping-taxable","15":"purchasable","16":"product-type-simple"},"_links":{"self":[{"href":"https:\/\/fuzzymuzik.com\/en\/wp-json\/wp\/v2\/product\/33392","targetHints":{"allow":["GET"]}}],"collection":[{"href":"https:\/\/fuzzymuzik.com\/en\/wp-json\/wp\/v2\/product"}],"about":[{"href":"https:\/\/fuzzymuzik.com\/en\/wp-json\/wp\/v2\/types\/product"}],"wp:featuredmedia":[{"embeddable":true,"href":"https:\/\/fuzzymuzik.com\/en\/wp-json\/wp\/v2\/media\/33396"}],"wp:attachment":[{"href":"https:\/\/fuzzymuzik.com\/en\/wp-json\/wp\/v2\/media?parent=33392"}],"wp:term":[{"taxonomy":"product_brand","embeddable":true,"href":"https:\/\/fuzzymuzik.com\/en\/wp-json\/wp\/v2\/product_brand?post=33392"},{"taxonomy":"product_cat","embeddable":true,"href":"https:\/\/fuzzymuzik.com\/en\/wp-json\/wp\/v2\/product_cat?post=33392"},{"taxonomy":"product_tag","embeddable":true,"href":"https:\/\/fuzzymuzik.com\/en\/wp-json\/wp\/v2\/product_tag?post=33392"}],"curies":[{"name":"wp","href":"https:\/\/api.w.org\/{rel}","templated":true}]}}