{"id":33339,"date":"2026-02-17T18:40:38","date_gmt":"2026-02-17T23:40:38","guid":{"rendered":"https:\/\/fuzzymuzik.com\/?post_type=product&#038;p=33339"},"modified":"2026-04-04T16:15:59","modified_gmt":"2026-04-04T20:15:59","slug":"nektar-man-in-the-moon-lp-_-germany-pressing","status":"publish","type":"product","link":"https:\/\/fuzzymuzik.com\/en\/product\/nektar-man-in-the-moon-lp-_-germany-pressing\/","title":{"rendered":"Nektar \u2013 Man In The Moon LP  _ Germany pressing"},"content":{"rendered":"","protected":false},"excerpt":{"rendered":"<p>Vinyle, Album, Label :Ariola<span class=\"MuiTypography-root MuiTypography-labelSmall css-1kybk0l\"> \u2013 202 215-320,\u00a0<\/span><\/p>\n<p>Condition:<\/p>\n<p>Vinyl: NM-<\/p>\n<p>Pochette : VG+ La pochette est grad\u00e9e VG+ uniquement en raison d\u2019un pli de manipulation situ\u00e9 au coin sup\u00e9rieur droit, visible au verso. En dehors de ce d\u00e9faut mineur, l\u2019\u00e9tat g\u00e9n\u00e9ral est excellent.\u00a0 Comprend la facture original.<\/p>\n<p>____<\/p>\n<p>We use disc images for reference only. Please note that the photos shown are for reference only. Please refer to our legend to fully understand the condition.<\/p>","protected":false},"featured_media":33342,"template":"","meta":[],"product_brand":[],"product_cat":[155,54,27,33],"product_tag":[],"class_list":{"0":"post-33339","1":"product","2":"type-product","3":"status-publish","4":"has-post-thumbnail","6":"product_cat-la-voute-disques-rares-vinyles-usages","7":"product_cat-progressif","8":"product_cat-vinyles","9":"product_cat-vinyles-usages","10":"product_shipping_class-disques-us","12":"first","13":"instock","14":"taxable","15":"shipping-taxable","16":"purchasable","17":"product-type-simple"},"_links":{"self":[{"href":"https:\/\/fuzzymuzik.com\/en\/wp-json\/wp\/v2\/product\/33339","targetHints":{"allow":["GET"]}}],"collection":[{"href":"https:\/\/fuzzymuzik.com\/en\/wp-json\/wp\/v2\/product"}],"about":[{"href":"https:\/\/fuzzymuzik.com\/en\/wp-json\/wp\/v2\/types\/product"}],"wp:featuredmedia":[{"embeddable":true,"href":"https:\/\/fuzzymuzik.com\/en\/wp-json\/wp\/v2\/media\/33342"}],"wp:attachment":[{"href":"https:\/\/fuzzymuzik.com\/en\/wp-json\/wp\/v2\/media?parent=33339"}],"wp:term":[{"taxonomy":"product_brand","embeddable":true,"href":"https:\/\/fuzzymuzik.com\/en\/wp-json\/wp\/v2\/product_brand?post=33339"},{"taxonomy":"product_cat","embeddable":true,"href":"https:\/\/fuzzymuzik.com\/en\/wp-json\/wp\/v2\/product_cat?post=33339"},{"taxonomy":"product_tag","embeddable":true,"href":"https:\/\/fuzzymuzik.com\/en\/wp-json\/wp\/v2\/product_tag?post=33339"}],"curies":[{"name":"wp","href":"https:\/\/api.w.org\/{rel}","templated":true}]}}