{"id":33229,"date":"2026-02-15T19:09:35","date_gmt":"2026-02-16T00:09:35","guid":{"rendered":"https:\/\/fuzzymuzik.com\/?post_type=product&#038;p=33229"},"modified":"2026-04-04T16:08:53","modified_gmt":"2026-04-04T20:08:53","slug":"maneige-maneige-lp-_-harvest-1975","status":"publish","type":"product","link":"https:\/\/fuzzymuzik.com\/en\/product\/maneige-maneige-lp-_-harvest-1975\/","title":{"rendered":"Maneige \u2013 Maneige LP _ Harvest 1975"},"content":{"rendered":"","protected":false},"excerpt":{"rendered":"<p>Vinyle, Album, Label : Harvest \u2013 ST 70.035, 1975, Canada<\/p>\n<p>Vinyle : NM- (\u00e9poustouflant)<\/p>\n<p>Pochette : VG+ : bright white avec deux collants d&rsquo;archives de Radio-Canada, un \u00e0 l&rsquo;endos et un en avant qui a d\u00e9coll\u00e9, laissant un r\u00e9siduel. Une tr\u00e8s belle copie !<\/p>\n<p>____<\/p>\n<p>We use disc images for reference only. Please note that the photos shown are for reference only. Please refer to our legend to fully understand the condition.<\/p>","protected":false},"featured_media":33230,"template":"","meta":[],"product_brand":[],"product_cat":[115,27,33],"product_tag":[],"class_list":{"0":"post-33229","1":"product","2":"type-product","3":"status-publish","4":"has-post-thumbnail","6":"product_cat-quebecois-francophone-vinyles-usages","7":"product_cat-vinyles","8":"product_cat-vinyles-usages","9":"product_shipping_class-disques-us","11":"first","12":"instock","13":"taxable","14":"shipping-taxable","15":"purchasable","16":"product-type-simple"},"_links":{"self":[{"href":"https:\/\/fuzzymuzik.com\/en\/wp-json\/wp\/v2\/product\/33229","targetHints":{"allow":["GET"]}}],"collection":[{"href":"https:\/\/fuzzymuzik.com\/en\/wp-json\/wp\/v2\/product"}],"about":[{"href":"https:\/\/fuzzymuzik.com\/en\/wp-json\/wp\/v2\/types\/product"}],"wp:featuredmedia":[{"embeddable":true,"href":"https:\/\/fuzzymuzik.com\/en\/wp-json\/wp\/v2\/media\/33230"}],"wp:attachment":[{"href":"https:\/\/fuzzymuzik.com\/en\/wp-json\/wp\/v2\/media?parent=33229"}],"wp:term":[{"taxonomy":"product_brand","embeddable":true,"href":"https:\/\/fuzzymuzik.com\/en\/wp-json\/wp\/v2\/product_brand?post=33229"},{"taxonomy":"product_cat","embeddable":true,"href":"https:\/\/fuzzymuzik.com\/en\/wp-json\/wp\/v2\/product_cat?post=33229"},{"taxonomy":"product_tag","embeddable":true,"href":"https:\/\/fuzzymuzik.com\/en\/wp-json\/wp\/v2\/product_tag?post=33229"}],"curies":[{"name":"wp","href":"https:\/\/api.w.org\/{rel}","templated":true}]}}