{"id":33117,"date":"2026-02-15T14:15:41","date_gmt":"2026-02-15T19:15:41","guid":{"rendered":"https:\/\/fuzzymuzik.com\/?post_type=product&#038;p=33117"},"modified":"2026-04-04T15:50:01","modified_gmt":"2026-04-04T19:50:01","slug":"jacques-brel-le-disque-dor-volume-2-lp","status":"publish","type":"product","link":"https:\/\/fuzzymuzik.com\/en\/product\/jacques-brel-le-disque-dor-volume-2-lp\/","title":{"rendered":"Jacques Brel \u2013 Le Disque D&rsquo;Or Volume 2 LP"},"content":{"rendered":"","protected":false},"excerpt":{"rendered":"<p><span class=\"MuiTypography-root MuiTypography-labelSmall css-1kybk0l\">Album, vinyle, Label : Barclay \u2013 55509, S\u00e9rie Le Disque d&rsquo;Or, 1980, Canada<\/span><\/p>\n<p>Condition du vinyle : EX++ to NM-<\/p>\n<p>\u00c9tat de la pochette : EX++ to NM-, petit ruban gomm\u00e9 appliqu\u00e9 dans un coin, clear tape, s&rsquo;enl\u00e8ve ais\u00e9ment<\/p>\n<p>_____<\/p>\n<p>We use disc images for reference only. Please note that the photos shown are for reference only. Please refer to our legend to fully understand the condition.<\/p>","protected":false},"featured_media":33122,"template":"","meta":[],"product_brand":[],"product_cat":[115,27,33],"product_tag":[],"class_list":{"0":"post-33117","1":"product","2":"type-product","3":"status-publish","4":"has-post-thumbnail","6":"product_cat-quebecois-francophone-vinyles-usages","7":"product_cat-vinyles","8":"product_cat-vinyles-usages","9":"product_shipping_class-disques-us","11":"first","12":"instock","13":"sold-individually","14":"taxable","15":"shipping-taxable","16":"purchasable","17":"product-type-simple"},"_links":{"self":[{"href":"https:\/\/fuzzymuzik.com\/en\/wp-json\/wp\/v2\/product\/33117","targetHints":{"allow":["GET"]}}],"collection":[{"href":"https:\/\/fuzzymuzik.com\/en\/wp-json\/wp\/v2\/product"}],"about":[{"href":"https:\/\/fuzzymuzik.com\/en\/wp-json\/wp\/v2\/types\/product"}],"wp:featuredmedia":[{"embeddable":true,"href":"https:\/\/fuzzymuzik.com\/en\/wp-json\/wp\/v2\/media\/33122"}],"wp:attachment":[{"href":"https:\/\/fuzzymuzik.com\/en\/wp-json\/wp\/v2\/media?parent=33117"}],"wp:term":[{"taxonomy":"product_brand","embeddable":true,"href":"https:\/\/fuzzymuzik.com\/en\/wp-json\/wp\/v2\/product_brand?post=33117"},{"taxonomy":"product_cat","embeddable":true,"href":"https:\/\/fuzzymuzik.com\/en\/wp-json\/wp\/v2\/product_cat?post=33117"},{"taxonomy":"product_tag","embeddable":true,"href":"https:\/\/fuzzymuzik.com\/en\/wp-json\/wp\/v2\/product_tag?post=33117"}],"curies":[{"name":"wp","href":"https:\/\/api.w.org\/{rel}","templated":true}]}}