{"id":33097,"date":"2026-02-15T12:13:39","date_gmt":"2026-02-15T17:13:39","guid":{"rendered":"https:\/\/fuzzymuzik.com\/?post_type=product&#038;p=33097"},"modified":"2026-04-04T15:56:43","modified_gmt":"2026-04-04T19:56:43","slug":"ego-death-grief-lp-_-version-numerotee-16-50-_-space-folk-a-la-holubowski","status":"publish","type":"product","link":"https:\/\/fuzzymuzik.com\/en\/product\/ego-death-grief-lp-_-version-numerotee-16-50-_-space-folk-a-la-holubowski\/","title":{"rendered":"Ego Death \u200e\u2013 Grief LP _ \u00c9d. num\u00e9rot\u00e9e 16 of 50 _ Space Folk \u00e0 la Holubowski _ Disque vert lime"},"content":{"rendered":"","protected":false},"excerpt":{"rendered":"<p>Superbe mini-album d&rsquo;un artiste de Qu\u00e9bec, production de 2016. Ici une version non-document\u00e9e. Titres en anglais d&rsquo;un artiste d&rsquo;ici. Impossible de se tromper ici. De longues pi\u00e8ces profondes et puissantes.<\/p>\n<p><span class=\"MuiTypography-root MuiTypography-labelSmall css-1kybk0l\">Mini-album, vinyle, Label : Not on label \u2013 none, 2016, Canada<\/span><\/p>\n<p>Condition du vinyle : NM-, vinyle vert lime<\/p>\n<p>Condition of cover: NM-<\/p>\n<p>_____<\/p>\n<p>We use disc images for reference only. Please note that the photos shown are for reference only. Please refer to our legend to fully understand the condition.<\/p>","protected":false},"featured_media":33101,"template":"","meta":[],"product_brand":[],"product_cat":[115,27,33],"product_tag":[],"class_list":{"0":"post-33097","1":"product","2":"type-product","3":"status-publish","4":"has-post-thumbnail","6":"product_cat-quebecois-francophone-vinyles-usages","7":"product_cat-vinyles","8":"product_cat-vinyles-usages","9":"product_shipping_class-disques-us","11":"first","12":"instock","13":"sold-individually","14":"taxable","15":"shipping-taxable","16":"purchasable","17":"product-type-simple"},"_links":{"self":[{"href":"https:\/\/fuzzymuzik.com\/en\/wp-json\/wp\/v2\/product\/33097","targetHints":{"allow":["GET"]}}],"collection":[{"href":"https:\/\/fuzzymuzik.com\/en\/wp-json\/wp\/v2\/product"}],"about":[{"href":"https:\/\/fuzzymuzik.com\/en\/wp-json\/wp\/v2\/types\/product"}],"wp:featuredmedia":[{"embeddable":true,"href":"https:\/\/fuzzymuzik.com\/en\/wp-json\/wp\/v2\/media\/33101"}],"wp:attachment":[{"href":"https:\/\/fuzzymuzik.com\/en\/wp-json\/wp\/v2\/media?parent=33097"}],"wp:term":[{"taxonomy":"product_brand","embeddable":true,"href":"https:\/\/fuzzymuzik.com\/en\/wp-json\/wp\/v2\/product_brand?post=33097"},{"taxonomy":"product_cat","embeddable":true,"href":"https:\/\/fuzzymuzik.com\/en\/wp-json\/wp\/v2\/product_cat?post=33097"},{"taxonomy":"product_tag","embeddable":true,"href":"https:\/\/fuzzymuzik.com\/en\/wp-json\/wp\/v2\/product_tag?post=33097"}],"curies":[{"name":"wp","href":"https:\/\/api.w.org\/{rel}","templated":true}]}}