{"id":32801,"date":"2026-02-08T13:50:18","date_gmt":"2026-02-08T18:50:18","guid":{"rendered":"https:\/\/fuzzymuzik.com\/?post_type=product&#038;p=32801"},"modified":"2026-04-04T15:07:13","modified_gmt":"2026-04-04T19:07:13","slug":"kate-bush-hounds-of-love-lp-_-original-canada-1985","status":"publish","type":"product","link":"https:\/\/fuzzymuzik.com\/en\/product\/kate-bush-hounds-of-love-lp-_-original-canada-1985\/","title":{"rendered":"Kate Bush \u2013 Hounds Of Love LP _ Original Canada 1985"},"content":{"rendered":"","protected":false},"excerpt":{"rendered":"<p>Vinyle, Album, Label : EMI America \u2013 ST-17171, 1985, Canada<\/p>\n<p>\u00c9tat du vinyle : NM-, w\/ OIS<\/p>\n<p>\u00c9tat de la pochette : VG+ : ring de salet\u00e9 (se nettoie ais\u00e9ment)<\/p>\n<p>_____<\/p>\n<p>We use disc images for reference only. Please note that the photos shown are for reference only. Please refer to our legend to fully understand the condition.<\/p>","protected":false},"featured_media":32802,"template":"","meta":[],"product_brand":[],"product_cat":[38,27,33],"product_tag":[],"class_list":{"0":"post-32801","1":"product","2":"type-product","3":"status-publish","4":"has-post-thumbnail","6":"product_cat-pop","7":"product_cat-vinyles","8":"product_cat-vinyles-usages","9":"product_shipping_class-disques-us","11":"first","12":"instock","13":"taxable","14":"shipping-taxable","15":"purchasable","16":"product-type-simple"},"_links":{"self":[{"href":"https:\/\/fuzzymuzik.com\/en\/wp-json\/wp\/v2\/product\/32801","targetHints":{"allow":["GET"]}}],"collection":[{"href":"https:\/\/fuzzymuzik.com\/en\/wp-json\/wp\/v2\/product"}],"about":[{"href":"https:\/\/fuzzymuzik.com\/en\/wp-json\/wp\/v2\/types\/product"}],"wp:featuredmedia":[{"embeddable":true,"href":"https:\/\/fuzzymuzik.com\/en\/wp-json\/wp\/v2\/media\/32802"}],"wp:attachment":[{"href":"https:\/\/fuzzymuzik.com\/en\/wp-json\/wp\/v2\/media?parent=32801"}],"wp:term":[{"taxonomy":"product_brand","embeddable":true,"href":"https:\/\/fuzzymuzik.com\/en\/wp-json\/wp\/v2\/product_brand?post=32801"},{"taxonomy":"product_cat","embeddable":true,"href":"https:\/\/fuzzymuzik.com\/en\/wp-json\/wp\/v2\/product_cat?post=32801"},{"taxonomy":"product_tag","embeddable":true,"href":"https:\/\/fuzzymuzik.com\/en\/wp-json\/wp\/v2\/product_tag?post=32801"}],"curies":[{"name":"wp","href":"https:\/\/api.w.org\/{rel}","templated":true}]}}