{"id":32735,"date":"2026-02-08T14:25:29","date_gmt":"2026-02-08T19:25:29","guid":{"rendered":"https:\/\/fuzzymuzik.com\/?post_type=product&#038;p=32735"},"modified":"2026-02-08T14:35:14","modified_gmt":"2026-02-08T19:35:14","slug":"riot-restless-breed-lp","status":"publish","type":"product","link":"https:\/\/fuzzymuzik.com\/en\/product\/riot-restless-breed-lp\/","title":{"rendered":"Riot \u2013 Restless Breed LP"},"content":{"rendered":"","protected":false},"excerpt":{"rendered":"<p>Vinyl, Album, Label :Elektra<span class=\"MuiTypography-root MuiTypography-labelSmall css-1kybk0l\"> \u2013 XE1-60134, Canada 1982<\/span><\/p>\n<p><span style=\"font-weight: 400;\">Vinyl condition: NM-<\/span><\/p>\n<p><span style=\"font-weight: 400;\">\u00c9tat de la pochette : VG + La pochette est cot\u00e9e VG+ uniquement en raison d\u2019une l\u00e9g\u00e8re usure sur le dessus de la tranche sup\u00e9rieure. Hormis ce d\u00e9tail, elle pr\u00e9sente une apparence proche du NM.<\/span><\/p>\n<p>_____<\/p>\n<p><i><span style=\"font-weight: 400;\">We use disc images for reference only. Please note that the photos shown are for reference only. Please refer to our legend to fully understand the condition.<\/span><\/i><\/p>","protected":false},"featured_media":32736,"template":"","meta":[],"product_brand":[],"product_cat":[53,27,33],"product_tag":[],"class_list":{"0":"post-32735","1":"product","2":"type-product","3":"status-publish","4":"has-post-thumbnail","6":"product_cat-metal-vinyles-usages","7":"product_cat-vinyles","8":"product_cat-vinyles-usages","9":"product_shipping_class-disques-us","11":"first","12":"instock","13":"sold-individually","14":"taxable","15":"shipping-taxable","16":"purchasable","17":"product-type-simple"},"_links":{"self":[{"href":"https:\/\/fuzzymuzik.com\/en\/wp-json\/wp\/v2\/product\/32735","targetHints":{"allow":["GET"]}}],"collection":[{"href":"https:\/\/fuzzymuzik.com\/en\/wp-json\/wp\/v2\/product"}],"about":[{"href":"https:\/\/fuzzymuzik.com\/en\/wp-json\/wp\/v2\/types\/product"}],"wp:featuredmedia":[{"embeddable":true,"href":"https:\/\/fuzzymuzik.com\/en\/wp-json\/wp\/v2\/media\/32736"}],"wp:attachment":[{"href":"https:\/\/fuzzymuzik.com\/en\/wp-json\/wp\/v2\/media?parent=32735"}],"wp:term":[{"taxonomy":"product_brand","embeddable":true,"href":"https:\/\/fuzzymuzik.com\/en\/wp-json\/wp\/v2\/product_brand?post=32735"},{"taxonomy":"product_cat","embeddable":true,"href":"https:\/\/fuzzymuzik.com\/en\/wp-json\/wp\/v2\/product_cat?post=32735"},{"taxonomy":"product_tag","embeddable":true,"href":"https:\/\/fuzzymuzik.com\/en\/wp-json\/wp\/v2\/product_tag?post=32735"}],"curies":[{"name":"wp","href":"https:\/\/api.w.org\/{rel}","templated":true}]}}