{"id":32479,"date":"2026-02-01T12:31:31","date_gmt":"2026-02-01T17:31:31","guid":{"rendered":"https:\/\/fuzzymuzik.com\/?post_type=product&#038;p=32479"},"modified":"2026-04-04T14:54:39","modified_gmt":"2026-04-04T18:54:39","slug":"peter-gabriel-us-3x-lp-_-deluxe-ltd-ed-numered-_-half-speed-remaster-_-45-rpm-on-180-gram","status":"publish","type":"product","link":"https:\/\/fuzzymuzik.com\/en\/product\/peter-gabriel-us-3x-lp-_-deluxe-ltd-ed-numered-_-half-speed-remaster-_-45-rpm-on-180-gram\/","title":{"rendered":"Peter Gabriel \u2013 Us 3X LP _ Deluxe Ltd. Ed. Numered _ Half Speed Remastered _ 45 RPM on 180 Gram"},"content":{"rendered":"","protected":false},"excerpt":{"rendered":"<p>Nous vous offrons la version \u00e0 se procurer ici, toutes cat\u00e9gories et sur la plan\u00e8te ! Num\u00e9rot\u00e9 : No 007773.<\/p>\n<p>Vinyles, Album, Label : Real World Records \u2013 PGLPR7X, 2 x vinyl 12&Prime;, <span class=\"MuiTypography-root MuiTypography-labelSmall css-1kybk0l\">45 RPM<\/span><span class=\"MuiTypography-root MuiTypography-labelSmall css-1kybk0l\">,\u00a0180g, <\/span><span class=\"MuiTypography-root MuiTypography-labelSmall css-1kybk0l\">Single Sided, Etched<\/span><span class=\"MuiTypography-root MuiTypography-labelSmall css-1kybk0l\">,\u00a0180g<\/span><\/p>\n<p>Condition:<\/p>\n<p>Vinyl condition: NM- _ NM-<\/p>\n<p>\u00c9tat de la pochette : EX++: hype sticker coll\u00e9 sur pochette<\/p>\n<p>_____<\/p>\n<p>We use disc images for reference only. Please note that the photos shown are for reference only. Please refer to our legend to fully understand the condition.<\/p>","protected":false},"featured_media":32485,"template":"","meta":[],"product_brand":[],"product_cat":[155,143,27,33],"product_tag":[],"class_list":{"0":"post-32479","1":"product","2":"type-product","3":"status-publish","4":"has-post-thumbnail","6":"product_cat-la-voute-disques-rares-vinyles-usages","7":"product_cat-rock-vinyles-usages","8":"product_cat-vinyles","9":"product_cat-vinyles-usages","10":"product_shipping_class-disques-us","12":"first","13":"instock","14":"taxable","15":"shipping-taxable","16":"purchasable","17":"product-type-simple"},"_links":{"self":[{"href":"https:\/\/fuzzymuzik.com\/en\/wp-json\/wp\/v2\/product\/32479","targetHints":{"allow":["GET"]}}],"collection":[{"href":"https:\/\/fuzzymuzik.com\/en\/wp-json\/wp\/v2\/product"}],"about":[{"href":"https:\/\/fuzzymuzik.com\/en\/wp-json\/wp\/v2\/types\/product"}],"wp:featuredmedia":[{"embeddable":true,"href":"https:\/\/fuzzymuzik.com\/en\/wp-json\/wp\/v2\/media\/32485"}],"wp:attachment":[{"href":"https:\/\/fuzzymuzik.com\/en\/wp-json\/wp\/v2\/media?parent=32479"}],"wp:term":[{"taxonomy":"product_brand","embeddable":true,"href":"https:\/\/fuzzymuzik.com\/en\/wp-json\/wp\/v2\/product_brand?post=32479"},{"taxonomy":"product_cat","embeddable":true,"href":"https:\/\/fuzzymuzik.com\/en\/wp-json\/wp\/v2\/product_cat?post=32479"},{"taxonomy":"product_tag","embeddable":true,"href":"https:\/\/fuzzymuzik.com\/en\/wp-json\/wp\/v2\/product_tag?post=32479"}],"curies":[{"name":"wp","href":"https:\/\/api.w.org\/{rel}","templated":true}]}}