{"id":32242,"date":"2026-01-19T17:06:36","date_gmt":"2026-01-19T22:06:36","guid":{"rendered":"https:\/\/fuzzymuzik.com\/?post_type=product&#038;p=32242"},"modified":"2026-04-04T11:38:33","modified_gmt":"2026-04-04T15:38:33","slug":"crosby-stills-nash-crosby-stills-nash-lp-_-original-1969-red-atlantic","status":"publish","type":"product","link":"https:\/\/fuzzymuzik.com\/en\/product\/crosby-stills-nash-crosby-stills-nash-lp-_-original-1969-red-atlantic\/","title":{"rendered":"Crosby, Stills &#038; Nash \u2013 Crosby, Stills &#038; Nash LP _ 1969 Red Atlantic \ud83d\udd25\ud83d\udd25"},"content":{"rendered":"","protected":false},"excerpt":{"rendered":"<p>En voici qu&rsquo;il nous fait plaisir de vous offrir !<\/p>\n<p>Album, Vinyle, Label : Atlantic \u2013 SD 8229, 1969, Canada<\/p>\n<p>\u00c9tat du vinyle : EX (et nous sommes strict \/ s\u00e9v\u00e8re). Le disque a \u00e9t\u00e9 nettoy\u00e9, lav\u00e9 et \u00e9cout\u00e9 en entier. \u00c7a sonne solide un Red Atlantic de 1969.<\/p>\n<p>\u00c9tat de la pochette : VG+ : AVEC l&rsquo;insert d&rsquo;ailleurs, grading uniquement en raison de colle qui semble avoir \u00e9t\u00e9 appos\u00e9e pour y mettre un collant d&rsquo;inventaire. Le collant s&rsquo;est d\u00e9tach\u00e9 et il reste le r\u00e9siduel. Pas de d\u00e9chirure, c&rsquo;est plus clear\/embossed sous forme d&rsquo;un carr\u00e9, right front sleeve. Pour vous dire, les tam tam raisonnent sur le titre d&rsquo;ouverture et que dire des \u00e9chos et de cette st\u00e9r\u00e9ophonie qui surprend !<\/p>\n<p>_____<\/p>\n<p>We use disc images for reference only. Please note that the photos shown are for reference only. Please refer to our legend to fully understand the condition.<\/p>","protected":false},"featured_media":32249,"template":"","meta":[],"product_brand":[],"product_cat":[143,27,33],"product_tag":[],"class_list":{"0":"post-32242","1":"product","2":"type-product","3":"status-publish","4":"has-post-thumbnail","6":"product_cat-rock-vinyles-usages","7":"product_cat-vinyles","8":"product_cat-vinyles-usages","9":"product_shipping_class-disques-us","11":"first","12":"instock","13":"taxable","14":"shipping-taxable","15":"purchasable","16":"product-type-simple"},"_links":{"self":[{"href":"https:\/\/fuzzymuzik.com\/en\/wp-json\/wp\/v2\/product\/32242","targetHints":{"allow":["GET"]}}],"collection":[{"href":"https:\/\/fuzzymuzik.com\/en\/wp-json\/wp\/v2\/product"}],"about":[{"href":"https:\/\/fuzzymuzik.com\/en\/wp-json\/wp\/v2\/types\/product"}],"wp:featuredmedia":[{"embeddable":true,"href":"https:\/\/fuzzymuzik.com\/en\/wp-json\/wp\/v2\/media\/32249"}],"wp:attachment":[{"href":"https:\/\/fuzzymuzik.com\/en\/wp-json\/wp\/v2\/media?parent=32242"}],"wp:term":[{"taxonomy":"product_brand","embeddable":true,"href":"https:\/\/fuzzymuzik.com\/en\/wp-json\/wp\/v2\/product_brand?post=32242"},{"taxonomy":"product_cat","embeddable":true,"href":"https:\/\/fuzzymuzik.com\/en\/wp-json\/wp\/v2\/product_cat?post=32242"},{"taxonomy":"product_tag","embeddable":true,"href":"https:\/\/fuzzymuzik.com\/en\/wp-json\/wp\/v2\/product_tag?post=32242"}],"curies":[{"name":"wp","href":"https:\/\/api.w.org\/{rel}","templated":true}]}}