{"id":32023,"date":"2026-01-17T10:36:32","date_gmt":"2026-01-17T15:36:32","guid":{"rendered":"https:\/\/fuzzymuzik.com\/?post_type=product&#038;p=32023"},"modified":"2026-04-11T18:27:02","modified_gmt":"2026-04-11T22:27:02","slug":"ludwig-goransson-star-wars-the-mandalorian-music-from-the-original-series-lp-_-picture-disc","status":"publish","type":"product","link":"https:\/\/fuzzymuzik.com\/en\/product\/ludwig-goransson-star-wars-the-mandalorian-music-from-the-original-series-lp-_-picture-disc\/","title":{"rendered":"Ludwig G\u00f6ransson \u2013 Star Wars: The Mandalorian (Music From The Original Series) LP _ Picture Disc"},"content":{"rendered":"","protected":false},"excerpt":{"rendered":"<p>Si \u00e7a pique votre curiosit\u00e9, allez l&rsquo;\u00e9couter ! Un coup de circuit ! Neuf et scell\u00e9 !<\/p>\n<p>Picture Disc<\/p>\n<p>Label : Walt Disney Records \u2013 D003596001 _ 050087464813, (C)2020 _ (p)2022, USA<\/p>\n<p>\u00c9tat du vinyle : Mint \/ Neuf<\/p>\n<p>\u00c9tat de la pochette : Mint \/ Neuf<\/p>\n<p>_____<\/p>\n<p>We use disc images for reference only. Please note that the photos shown are for reference only. Please refer to our legend to fully understand the condition.<\/p>","protected":false},"featured_media":32025,"template":"","meta":[],"product_brand":[],"product_cat":[154,78,35,27,34],"product_tag":[],"class_list":{"0":"post-32023","1":"product","2":"type-product","3":"status-publish","4":"has-post-thumbnail","6":"product_cat-la-voute-disques-rares","7":"product_cat-soundtrack-vinyles-neufs","8":"product_cat-tendances","9":"product_cat-vinyles","10":"product_cat-vinyles-neufs","11":"product_shipping_class-disques-us","13":"first","14":"outofstock","15":"sold-individually","16":"taxable","17":"shipping-taxable","18":"purchasable","19":"product-type-simple"},"_links":{"self":[{"href":"https:\/\/fuzzymuzik.com\/en\/wp-json\/wp\/v2\/product\/32023","targetHints":{"allow":["GET"]}}],"collection":[{"href":"https:\/\/fuzzymuzik.com\/en\/wp-json\/wp\/v2\/product"}],"about":[{"href":"https:\/\/fuzzymuzik.com\/en\/wp-json\/wp\/v2\/types\/product"}],"wp:featuredmedia":[{"embeddable":true,"href":"https:\/\/fuzzymuzik.com\/en\/wp-json\/wp\/v2\/media\/32025"}],"wp:attachment":[{"href":"https:\/\/fuzzymuzik.com\/en\/wp-json\/wp\/v2\/media?parent=32023"}],"wp:term":[{"taxonomy":"product_brand","embeddable":true,"href":"https:\/\/fuzzymuzik.com\/en\/wp-json\/wp\/v2\/product_brand?post=32023"},{"taxonomy":"product_cat","embeddable":true,"href":"https:\/\/fuzzymuzik.com\/en\/wp-json\/wp\/v2\/product_cat?post=32023"},{"taxonomy":"product_tag","embeddable":true,"href":"https:\/\/fuzzymuzik.com\/en\/wp-json\/wp\/v2\/product_tag?post=32023"}],"curies":[{"name":"wp","href":"https:\/\/api.w.org\/{rel}","templated":true}]}}