{"id":31980,"date":"2026-01-15T17:15:42","date_gmt":"2026-01-15T22:15:42","guid":{"rendered":"https:\/\/fuzzymuzik.com\/?post_type=product&#038;p=31980"},"modified":"2026-04-04T11:27:44","modified_gmt":"2026-04-04T15:27:44","slug":"rick-wakeman-and-the-english-rock-ensemble-no-earthly-connection-_-in-shrink-hype-sticker-insert","status":"publish","type":"product","link":"https:\/\/fuzzymuzik.com\/en\/product\/rick-wakeman-and-the-english-rock-ensemble-no-earthly-connection-_-in-shrink-hype-sticker-insert\/","title":{"rendered":"Rick Wakeman And The English Rock Ensemble \u200e\u2013 No Earthly Connection _ In shrink + hype sticker + insert"},"content":{"rendered":"","protected":false},"excerpt":{"rendered":"<p>Disque vinyle est EX ! Dans son cellophane d&rsquo;origine et son hype sticker ! LE plus important est l&rsquo;insert qui une fois en forme cylindrique, permet de voir la distorsion sur la pochette. Elle vient encore avec sa pellicule papier protectrice et ne semble n&rsquo;avoir jamais \u00e9t\u00e9 tourn\u00e9e. Elle n&rsquo;est jamais l\u00e0 !<\/p>\n<p>Keeper Alert ! Vinyl is EX, cleaned using an okki nokki, almost no background, tiny tiny A1 at beginning. In shrink w\/ hype sticker that says : \u00ab\u00a0Watch this cover comes to life\u00a0\u00bb + (for sure) a small sheet of Reflective Plastic Film (+ its protective paper) that could be curved into a cylinder, which when placed on the front cover and back cover, allows the viewer to see the cover drawings undistorted and with a slight 3D-like effect. Undoubtedly, really few collectors own this album in this condition !<\/p>\n<p>Label : A&amp;M Records \u2013 SP-4583, 1976, Canada<\/p>\n<p>Vinyl condition: EX<\/p>\n<p>\u00c9tat de la pochette : NM-, in shrink w\/ OIS + hype sticker + insert<\/p>\n<p>_____<\/p>\n<p>We use disc images for reference only. Please note that the photos shown are for reference only. Please refer to our legend to fully understand the condition.<\/p>","protected":false},"featured_media":31981,"template":"","meta":[],"product_brand":[],"product_cat":[60,54,143,27,33],"product_tag":[],"class_list":{"0":"post-31980","1":"product","2":"type-product","3":"status-publish","4":"has-post-thumbnail","6":"product_cat-electro-ambient","7":"product_cat-progressif","8":"product_cat-rock-vinyles-usages","9":"product_cat-vinyles","10":"product_cat-vinyles-usages","11":"product_shipping_class-disques-us","13":"first","14":"instock","15":"sold-individually","16":"taxable","17":"shipping-taxable","18":"purchasable","19":"product-type-simple"},"_links":{"self":[{"href":"https:\/\/fuzzymuzik.com\/en\/wp-json\/wp\/v2\/product\/31980","targetHints":{"allow":["GET"]}}],"collection":[{"href":"https:\/\/fuzzymuzik.com\/en\/wp-json\/wp\/v2\/product"}],"about":[{"href":"https:\/\/fuzzymuzik.com\/en\/wp-json\/wp\/v2\/types\/product"}],"wp:featuredmedia":[{"embeddable":true,"href":"https:\/\/fuzzymuzik.com\/en\/wp-json\/wp\/v2\/media\/31981"}],"wp:attachment":[{"href":"https:\/\/fuzzymuzik.com\/en\/wp-json\/wp\/v2\/media?parent=31980"}],"wp:term":[{"taxonomy":"product_brand","embeddable":true,"href":"https:\/\/fuzzymuzik.com\/en\/wp-json\/wp\/v2\/product_brand?post=31980"},{"taxonomy":"product_cat","embeddable":true,"href":"https:\/\/fuzzymuzik.com\/en\/wp-json\/wp\/v2\/product_cat?post=31980"},{"taxonomy":"product_tag","embeddable":true,"href":"https:\/\/fuzzymuzik.com\/en\/wp-json\/wp\/v2\/product_tag?post=31980"}],"curies":[{"name":"wp","href":"https:\/\/api.w.org\/{rel}","templated":true}]}}