{"id":31751,"date":"2025-10-16T19:00:21","date_gmt":"2025-10-16T23:00:21","guid":{"rendered":"https:\/\/fuzzymuzik.com\/?post_type=product&#038;p=31751"},"modified":"2026-04-04T11:18:29","modified_gmt":"2026-04-04T15:18:29","slug":"van-der-graaf-generator-68-71-lp-_-1972-uk-pink-scroll-labels","status":"publish","type":"product","link":"https:\/\/fuzzymuzik.com\/en\/product\/van-der-graaf-generator-68-71-lp-_-1972-uk-pink-scroll-labels\/","title":{"rendered":"Van Der Graaf Generator \u2013 &rsquo;68 &#8211; &rsquo;71 LP _ 1972 UK Pink Scroll Labels"},"content":{"rendered":"","protected":false},"excerpt":{"rendered":"<p>Vinyle, Album, Label : Charisma \u2013 CS. 2, 1972, UK<\/p>\n<p><span style=\"font-weight: 400;\">\u00c9tat du vinyle : Impressionnant EX, une tr\u00e8s l\u00e9g\u00e8re graffigne sous lumi\u00e8re vive a retenu notre attention, en surface sans incidence sur l&rsquo;\u00e9coute et l&rsquo;\u00e9tat g\u00e9n\u00e9ral du vinyle.<\/span><\/p>\n<p><span style=\"font-weight: 400;\">\u00c9tat de la pochette :\u00a0 VG+ et un tr\u00e8s beau : pochette europ\u00e9enne tr\u00e8s fragile.<\/span><\/p>\n<p>_<\/p>\n<p><i><span style=\"font-weight: 400;\">We use disc images for reference only. Please note that the photos shown are for reference only. Please refer to our legend to fully understand the condition.<\/span><\/i><\/p>","protected":false},"featured_media":31759,"template":"","meta":[],"product_brand":[],"product_cat":[54,27,33],"product_tag":[],"class_list":{"0":"post-31751","1":"product","2":"type-product","3":"status-publish","4":"has-post-thumbnail","6":"product_cat-progressif","7":"product_cat-vinyles","8":"product_cat-vinyles-usages","9":"product_shipping_class-disques-us","11":"first","12":"instock","13":"sold-individually","14":"taxable","15":"shipping-taxable","16":"purchasable","17":"product-type-simple"},"_links":{"self":[{"href":"https:\/\/fuzzymuzik.com\/en\/wp-json\/wp\/v2\/product\/31751","targetHints":{"allow":["GET"]}}],"collection":[{"href":"https:\/\/fuzzymuzik.com\/en\/wp-json\/wp\/v2\/product"}],"about":[{"href":"https:\/\/fuzzymuzik.com\/en\/wp-json\/wp\/v2\/types\/product"}],"wp:featuredmedia":[{"embeddable":true,"href":"https:\/\/fuzzymuzik.com\/en\/wp-json\/wp\/v2\/media\/31759"}],"wp:attachment":[{"href":"https:\/\/fuzzymuzik.com\/en\/wp-json\/wp\/v2\/media?parent=31751"}],"wp:term":[{"taxonomy":"product_brand","embeddable":true,"href":"https:\/\/fuzzymuzik.com\/en\/wp-json\/wp\/v2\/product_brand?post=31751"},{"taxonomy":"product_cat","embeddable":true,"href":"https:\/\/fuzzymuzik.com\/en\/wp-json\/wp\/v2\/product_cat?post=31751"},{"taxonomy":"product_tag","embeddable":true,"href":"https:\/\/fuzzymuzik.com\/en\/wp-json\/wp\/v2\/product_tag?post=31751"}],"curies":[{"name":"wp","href":"https:\/\/api.w.org\/{rel}","templated":true}]}}