{"id":31739,"date":"2025-10-16T19:00:51","date_gmt":"2025-10-16T23:00:51","guid":{"rendered":"https:\/\/fuzzymuzik.com\/?post_type=product&#038;p=31739"},"modified":"2026-04-04T11:14:53","modified_gmt":"2026-04-04T15:14:53","slug":"le-mans-on-the-streets-lp-_-1983-_-in-shrink","status":"publish","type":"product","link":"https:\/\/fuzzymuzik.com\/en\/product\/le-mans-on-the-streets-lp-_-1983-_-in-shrink\/","title":{"rendered":"Le Mans \u2013 On The Streets LP _ 1983 _ In shrink !"},"content":{"rendered":"","protected":false},"excerpt":{"rendered":"<p>Fans de Judas Priest !!!!!!!<\/p>\n<p>Vinyle, Album, Label : Shrapnel Records \u2013 SH 1010, 1983, USA<\/p>\n<p><span style=\"font-weight: 400;\">\u00c9tat du vinyle : EX : un peu de blanc dans le vinyle (rash).<\/span><\/p>\n<p><span style=\"font-weight: 400;\">\u00c9tat de la pochette :\u00a0 NM-, in shrink : la pochette commence \u00e0 bomber en raison du cellophane et toutes ces ann\u00e9es. Nous laissons \u00e0 l&rsquo;acqu\u00e9reur le choix de le retirer ou de le couper l\u00e9g\u00e8rement.<\/span><\/p>\n<p>_<\/p>\n<p><i><span style=\"font-weight: 400;\">We use disc images for reference only. Please note that the photos shown are for reference only. Please refer to our legend to fully understand the condition.<\/span><\/i><\/p>","protected":false},"featured_media":31745,"template":"","meta":[],"product_brand":[],"product_cat":[144,53,143,27,33],"product_tag":[],"class_list":{"0":"post-31739","1":"product","2":"type-product","3":"status-publish","4":"has-post-thumbnail","6":"product_cat-hard-rock","7":"product_cat-metal-vinyles-usages","8":"product_cat-rock-vinyles-usages","9":"product_cat-vinyles","10":"product_cat-vinyles-usages","11":"product_shipping_class-disques-us","13":"first","14":"instock","15":"sold-individually","16":"taxable","17":"shipping-taxable","18":"purchasable","19":"product-type-simple"},"_links":{"self":[{"href":"https:\/\/fuzzymuzik.com\/en\/wp-json\/wp\/v2\/product\/31739","targetHints":{"allow":["GET"]}}],"collection":[{"href":"https:\/\/fuzzymuzik.com\/en\/wp-json\/wp\/v2\/product"}],"about":[{"href":"https:\/\/fuzzymuzik.com\/en\/wp-json\/wp\/v2\/types\/product"}],"wp:featuredmedia":[{"embeddable":true,"href":"https:\/\/fuzzymuzik.com\/en\/wp-json\/wp\/v2\/media\/31745"}],"wp:attachment":[{"href":"https:\/\/fuzzymuzik.com\/en\/wp-json\/wp\/v2\/media?parent=31739"}],"wp:term":[{"taxonomy":"product_brand","embeddable":true,"href":"https:\/\/fuzzymuzik.com\/en\/wp-json\/wp\/v2\/product_brand?post=31739"},{"taxonomy":"product_cat","embeddable":true,"href":"https:\/\/fuzzymuzik.com\/en\/wp-json\/wp\/v2\/product_cat?post=31739"},{"taxonomy":"product_tag","embeddable":true,"href":"https:\/\/fuzzymuzik.com\/en\/wp-json\/wp\/v2\/product_tag?post=31739"}],"curies":[{"name":"wp","href":"https:\/\/api.w.org\/{rel}","templated":true}]}}