{"id":31541,"date":"2025-10-09T19:00:08","date_gmt":"2025-10-09T23:00:08","guid":{"rendered":"https:\/\/fuzzymuzik.com\/?post_type=product&#038;p=31541"},"modified":"2026-04-04T11:05:49","modified_gmt":"2026-04-04T15:05:49","slug":"sinead-oconnor-the-lion-and-the-cobra-lp","status":"publish","type":"product","link":"https:\/\/fuzzymuzik.com\/en\/product\/sinead-oconnor-the-lion-and-the-cobra-lp\/","title":{"rendered":"Sin\u00e9ad O&rsquo;Connor \u200e\u2013 The Lion And The Cobra LP"},"content":{"rendered":"","protected":false},"excerpt":{"rendered":"<p>Vinyle, LP, Label : CHS 41612,\u00a0Ensign\u00a0\u200e\u2013 CHS 41612<\/p>\n<p>\u00c9tat du vinyle : EX Hairelines<\/p>\n<p>\u00c9tat de la pochette: VG + (Nom Sign\u00e9 a l&rsquo;endos de la pochette coin inf\u00e9rieur) Autrement elle serait NM-. Original inner sleeve inclus.<\/p>\n<p>_____<\/p>\n<p>We use disc images for reference only. Please note that the photos shown are for reference only. Please refer to our legend to fully understand the condition.<\/p>","protected":false},"featured_media":31544,"template":"","meta":[],"product_brand":[],"product_cat":[143,27,33],"product_tag":[],"class_list":{"0":"post-31541","1":"product","2":"type-product","3":"status-publish","4":"has-post-thumbnail","6":"product_cat-rock-vinyles-usages","7":"product_cat-vinyles","8":"product_cat-vinyles-usages","9":"product_shipping_class-disques-us","11":"first","12":"instock","13":"sold-individually","14":"taxable","15":"shipping-taxable","16":"purchasable","17":"product-type-simple"},"_links":{"self":[{"href":"https:\/\/fuzzymuzik.com\/en\/wp-json\/wp\/v2\/product\/31541","targetHints":{"allow":["GET"]}}],"collection":[{"href":"https:\/\/fuzzymuzik.com\/en\/wp-json\/wp\/v2\/product"}],"about":[{"href":"https:\/\/fuzzymuzik.com\/en\/wp-json\/wp\/v2\/types\/product"}],"wp:featuredmedia":[{"embeddable":true,"href":"https:\/\/fuzzymuzik.com\/en\/wp-json\/wp\/v2\/media\/31544"}],"wp:attachment":[{"href":"https:\/\/fuzzymuzik.com\/en\/wp-json\/wp\/v2\/media?parent=31541"}],"wp:term":[{"taxonomy":"product_brand","embeddable":true,"href":"https:\/\/fuzzymuzik.com\/en\/wp-json\/wp\/v2\/product_brand?post=31541"},{"taxonomy":"product_cat","embeddable":true,"href":"https:\/\/fuzzymuzik.com\/en\/wp-json\/wp\/v2\/product_cat?post=31541"},{"taxonomy":"product_tag","embeddable":true,"href":"https:\/\/fuzzymuzik.com\/en\/wp-json\/wp\/v2\/product_tag?post=31541"}],"curies":[{"name":"wp","href":"https:\/\/api.w.org\/{rel}","templated":true}]}}