{"id":31385,"date":"2025-10-02T19:00:28","date_gmt":"2025-10-02T23:00:28","guid":{"rendered":"https:\/\/fuzzymuzik.com\/?post_type=product&#038;p=31385"},"modified":"2026-04-04T19:38:35","modified_gmt":"2026-04-04T23:38:35","slug":"francois-leveillee-delivrance-lp-_-copie-scellee-_-1981","status":"publish","type":"product","link":"https:\/\/fuzzymuzik.com\/en\/product\/francois-leveillee-delivrance-lp-_-copie-scellee-_-1981\/","title":{"rendered":"Fran\u00e7ois L\u00e9veill\u00e9e \u200e\u2013 D\u00e9livrance LP _ Copie scell\u00e9e _ 1981"},"content":{"rendered":"","protected":false},"excerpt":{"rendered":"<p><span style=\"font-weight: 400;\">Vinyle, LP, Album, Label : L&rsquo;Enclume \u2013 DE-8004, 1981, Canada<\/span><\/p>\n<p><span style=\"font-weight: 400;\">\u00c9tat du vinyle : Mint (scell\u00e9 d&rsquo;origine)<\/span><\/p>\n<p><span style=\"font-weight: 400;\">\u00c9tat de la pochette : Mint (scell\u00e9 d&rsquo;origine)<\/span><\/p>\n<p>_____<\/p>\n<p><i><span style=\"font-weight: 400;\">We use disc images for reference only. Please note that the photos shown are for reference only. Please refer to our legend to fully understand the condition.<\/span><\/i><\/p>","protected":false},"featured_media":31388,"template":"","meta":[],"product_brand":[],"product_cat":[111,27,34],"product_tag":[],"class_list":{"0":"post-31385","1":"product","2":"type-product","3":"status-publish","4":"has-post-thumbnail","6":"product_cat-quebecois-francophone","7":"product_cat-vinyles","8":"product_cat-vinyles-neufs","9":"product_shipping_class-disques-us","11":"first","12":"instock","13":"sold-individually","14":"taxable","15":"shipping-taxable","16":"purchasable","17":"product-type-simple"},"_links":{"self":[{"href":"https:\/\/fuzzymuzik.com\/en\/wp-json\/wp\/v2\/product\/31385","targetHints":{"allow":["GET"]}}],"collection":[{"href":"https:\/\/fuzzymuzik.com\/en\/wp-json\/wp\/v2\/product"}],"about":[{"href":"https:\/\/fuzzymuzik.com\/en\/wp-json\/wp\/v2\/types\/product"}],"wp:featuredmedia":[{"embeddable":true,"href":"https:\/\/fuzzymuzik.com\/en\/wp-json\/wp\/v2\/media\/31388"}],"wp:attachment":[{"href":"https:\/\/fuzzymuzik.com\/en\/wp-json\/wp\/v2\/media?parent=31385"}],"wp:term":[{"taxonomy":"product_brand","embeddable":true,"href":"https:\/\/fuzzymuzik.com\/en\/wp-json\/wp\/v2\/product_brand?post=31385"},{"taxonomy":"product_cat","embeddable":true,"href":"https:\/\/fuzzymuzik.com\/en\/wp-json\/wp\/v2\/product_cat?post=31385"},{"taxonomy":"product_tag","embeddable":true,"href":"https:\/\/fuzzymuzik.com\/en\/wp-json\/wp\/v2\/product_tag?post=31385"}],"curies":[{"name":"wp","href":"https:\/\/api.w.org\/{rel}","templated":true}]}}