{"id":30927,"date":"2025-09-07T14:14:40","date_gmt":"2025-09-07T18:14:40","guid":{"rendered":"https:\/\/fuzzymuzik.com\/?post_type=product&#038;p=30927"},"modified":"2026-04-04T10:51:56","modified_gmt":"2026-04-04T14:51:56","slug":"neil-young-prairie-wind-2x-lp-_-quiex-sv-p-200-gram-vinyl","status":"publish","type":"product","link":"https:\/\/fuzzymuzik.com\/en\/product\/neil-young-prairie-wind-2x-lp-_-quiex-sv-p-200-gram-vinyl\/","title":{"rendered":"Neil Young \u2013 Prairie Wind 2X LP _ Quiex SV-P 200 Gram vinyl"},"content":{"rendered":"","protected":false},"excerpt":{"rendered":"<p>Toujours avec le Quiex poly sleeve et le sceau bris\u00e9. Nul besoin de pr\u00e9ciser que cet album est un Grail de Young ! Pressing Quiex, un joyau ! Mise \u00e0 part le test pressing, c&rsquo;est la seule version format vinyle existante.<\/p>\n<p>Vinyle, LP, Label : Reprise Records _ Classic Records \u2013 49593-1, 2005, USA<\/p>\n<p>\u00c9tat des vinyles : EX, Quiex SV-P 200 Gram vinyl<\/p>\n<p>Condition of cover: NM-, w\/ OIS (2), gatefold<\/p>\n<p>_____<\/p>\n<p>We use disc images for reference only. Please note that the photos shown are for reference only. Please refer to our legend to fully understand the condition.<\/p>","protected":false},"featured_media":30928,"template":"","meta":[],"product_brand":[],"product_cat":[147,155,143,27,33],"product_tag":[],"class_list":{"0":"post-30927","1":"product","2":"type-product","3":"status-publish","4":"has-post-thumbnail","6":"product_cat-blues-folk-vinyles-usages","7":"product_cat-la-voute-disques-rares-vinyles-usages","8":"product_cat-rock-vinyles-usages","9":"product_cat-vinyles","10":"product_cat-vinyles-usages","11":"product_shipping_class-disques-us","13":"first","14":"instock","15":"sold-individually","16":"taxable","17":"shipping-taxable","18":"purchasable","19":"product-type-simple"},"_links":{"self":[{"href":"https:\/\/fuzzymuzik.com\/en\/wp-json\/wp\/v2\/product\/30927","targetHints":{"allow":["GET"]}}],"collection":[{"href":"https:\/\/fuzzymuzik.com\/en\/wp-json\/wp\/v2\/product"}],"about":[{"href":"https:\/\/fuzzymuzik.com\/en\/wp-json\/wp\/v2\/types\/product"}],"wp:featuredmedia":[{"embeddable":true,"href":"https:\/\/fuzzymuzik.com\/en\/wp-json\/wp\/v2\/media\/30928"}],"wp:attachment":[{"href":"https:\/\/fuzzymuzik.com\/en\/wp-json\/wp\/v2\/media?parent=30927"}],"wp:term":[{"taxonomy":"product_brand","embeddable":true,"href":"https:\/\/fuzzymuzik.com\/en\/wp-json\/wp\/v2\/product_brand?post=30927"},{"taxonomy":"product_cat","embeddable":true,"href":"https:\/\/fuzzymuzik.com\/en\/wp-json\/wp\/v2\/product_cat?post=30927"},{"taxonomy":"product_tag","embeddable":true,"href":"https:\/\/fuzzymuzik.com\/en\/wp-json\/wp\/v2\/product_tag?post=30927"}],"curies":[{"name":"wp","href":"https:\/\/api.w.org\/{rel}","templated":true}]}}