{"id":30893,"date":"2025-09-07T13:16:28","date_gmt":"2025-09-07T17:16:28","guid":{"rendered":"https:\/\/fuzzymuzik.com\/?post_type=product&#038;p=30893"},"modified":"2026-04-04T10:53:12","modified_gmt":"2026-04-04T14:53:12","slug":"neil-young-harvest-lp-_-neil-young-archives-official-release-series-_-2009","status":"publish","type":"product","link":"https:\/\/fuzzymuzik.com\/en\/product\/neil-young-harvest-lp-_-neil-young-archives-official-release-series-_-2009\/","title":{"rendered":"Neil Young \u2013 Harvest LP _ Neil Young Archives Official Release Series _ 2009"},"content":{"rendered":"","protected":false},"excerpt":{"rendered":"<p>Superbe production fid\u00e8le \u00e0 l&rsquo;original, textur\u00e9e, insert, gatefold et mastered from the original analog master tape.<\/p>\n<p>Vinyle, LP, Label : Reprise Records \u2013 9362-49786-5 _ Neil Young Archives Performance Series \u2013 NYA ORS 04 _ Because Sound Matters, 2009, Worldwide<\/p>\n<p>Vinyl condition: NM-<\/p>\n<p>\u00c9tat de la pochette : NM-, textured sleeve w\/ hype sticker, folded textured insert, gatefold<\/p>\n<p>_____<\/p>\n<p>We use disc images for reference only. Please note that the photos shown are for reference only. Please refer to our legend to fully understand the condition.<\/p>","protected":false},"featured_media":30894,"template":"","meta":[],"product_brand":[],"product_cat":[147,143,27,33],"product_tag":[],"class_list":{"0":"post-30893","1":"product","2":"type-product","3":"status-publish","4":"has-post-thumbnail","6":"product_cat-blues-folk-vinyles-usages","7":"product_cat-rock-vinyles-usages","8":"product_cat-vinyles","9":"product_cat-vinyles-usages","10":"product_shipping_class-disques-us","12":"first","13":"instock","14":"sold-individually","15":"taxable","16":"shipping-taxable","17":"purchasable","18":"product-type-simple"},"_links":{"self":[{"href":"https:\/\/fuzzymuzik.com\/en\/wp-json\/wp\/v2\/product\/30893","targetHints":{"allow":["GET"]}}],"collection":[{"href":"https:\/\/fuzzymuzik.com\/en\/wp-json\/wp\/v2\/product"}],"about":[{"href":"https:\/\/fuzzymuzik.com\/en\/wp-json\/wp\/v2\/types\/product"}],"wp:featuredmedia":[{"embeddable":true,"href":"https:\/\/fuzzymuzik.com\/en\/wp-json\/wp\/v2\/media\/30894"}],"wp:attachment":[{"href":"https:\/\/fuzzymuzik.com\/en\/wp-json\/wp\/v2\/media?parent=30893"}],"wp:term":[{"taxonomy":"product_brand","embeddable":true,"href":"https:\/\/fuzzymuzik.com\/en\/wp-json\/wp\/v2\/product_brand?post=30893"},{"taxonomy":"product_cat","embeddable":true,"href":"https:\/\/fuzzymuzik.com\/en\/wp-json\/wp\/v2\/product_cat?post=30893"},{"taxonomy":"product_tag","embeddable":true,"href":"https:\/\/fuzzymuzik.com\/en\/wp-json\/wp\/v2\/product_tag?post=30893"}],"curies":[{"name":"wp","href":"https:\/\/api.w.org\/{rel}","templated":true}]}}