{"id":30673,"date":"2025-09-11T19:00:30","date_gmt":"2025-09-11T23:00:30","guid":{"rendered":"https:\/\/fuzzymuzik.com\/?post_type=product&#038;p=30673"},"modified":"2025-08-31T17:06:05","modified_gmt":"2025-08-31T21:06:05","slug":"charles-trenet-je-rechante-mes-anciennes-chansons-lp","status":"publish","type":"product","link":"https:\/\/fuzzymuzik.com\/en\/product\/charles-trenet-je-rechante-mes-anciennes-chansons-lp\/","title":{"rendered":"Charles Trenet \u2013 Je Rechante ! Mes Anciennes Chansons LP"},"content":{"rendered":"","protected":false},"excerpt":{"rendered":"<p>Variation de label entre cette copie et celle sur Discogs.<\/p>\n<p>Vinyle, LP, Label : Path\u00e9 \u2013 PAM 67.049, 1966-67?, Canada<\/p>\n<p>Vinyl condition: NM-<\/p>\n<p>\u00c9tat de la pochette : EX++ to NM-, pochette incroyablement bien pr\u00e9serv\u00e9e<\/p>\n<p>_____<\/p>\n<p>We use disc images for reference only. Please note that the photos shown are for reference only. Please refer to our legend to fully understand the condition.<\/p>","protected":false},"featured_media":30677,"template":"","meta":[],"product_brand":[],"product_cat":[38,115,27,33],"product_tag":[],"class_list":{"0":"post-30673","1":"product","2":"type-product","3":"status-publish","4":"has-post-thumbnail","6":"product_cat-pop","7":"product_cat-quebecois-francophone-vinyles-usages","8":"product_cat-vinyles","9":"product_cat-vinyles-usages","10":"product_shipping_class-disques-us","12":"first","13":"instock","14":"sold-individually","15":"taxable","16":"shipping-taxable","17":"purchasable","18":"product-type-simple"},"_links":{"self":[{"href":"https:\/\/fuzzymuzik.com\/en\/wp-json\/wp\/v2\/product\/30673","targetHints":{"allow":["GET"]}}],"collection":[{"href":"https:\/\/fuzzymuzik.com\/en\/wp-json\/wp\/v2\/product"}],"about":[{"href":"https:\/\/fuzzymuzik.com\/en\/wp-json\/wp\/v2\/types\/product"}],"wp:featuredmedia":[{"embeddable":true,"href":"https:\/\/fuzzymuzik.com\/en\/wp-json\/wp\/v2\/media\/30677"}],"wp:attachment":[{"href":"https:\/\/fuzzymuzik.com\/en\/wp-json\/wp\/v2\/media?parent=30673"}],"wp:term":[{"taxonomy":"product_brand","embeddable":true,"href":"https:\/\/fuzzymuzik.com\/en\/wp-json\/wp\/v2\/product_brand?post=30673"},{"taxonomy":"product_cat","embeddable":true,"href":"https:\/\/fuzzymuzik.com\/en\/wp-json\/wp\/v2\/product_cat?post=30673"},{"taxonomy":"product_tag","embeddable":true,"href":"https:\/\/fuzzymuzik.com\/en\/wp-json\/wp\/v2\/product_tag?post=30673"}],"curies":[{"name":"wp","href":"https:\/\/api.w.org\/{rel}","templated":true}]}}