{"id":30654,"date":"2025-09-11T19:00:07","date_gmt":"2025-09-11T23:00:07","guid":{"rendered":"https:\/\/fuzzymuzik.com\/?post_type=product&#038;p=30654"},"modified":"2025-08-31T16:34:26","modified_gmt":"2025-08-31T20:34:26","slug":"charles-trenet-je-chante-lp-_-1957-_-mono-canadien","status":"publish","type":"product","link":"https:\/\/fuzzymuzik.com\/en\/product\/charles-trenet-je-chante-lp-_-1957-_-mono-canadien\/","title":{"rendered":"Charles Trenet \u200e\u2013 Je Chante LP _ 1957 _ Mono Canadien"},"content":{"rendered":"","protected":false},"excerpt":{"rendered":"<p>Probablement une des plus belle copie encore existante de cet album datant de plus de 68 ans. Nous venons d&rsquo;\u00e9diter les images sur Discogs puisque ce qui \u00e9tait en ligne \u00e9tait nettement mal produit.<\/p>\n<p>Vinyle, LP, Label : Path\u00e9 \u2013 PAM 67022, Monoral, 1957, Canada<\/p>\n<p>\u00c9tat du vinyle : C\u00f4t\u00e9 1 : NM- _ C\u00f4t\u00e9 2 : VG+ FORT, surface<\/p>\n<p>\u00c9tat de la pochette : EX++ to NM-, pochette incroyablement bien pr\u00e9serv\u00e9e<\/p>\n<p>_____<\/p>\n<p>We use disc images for reference only. Please note that the photos shown are for reference only. Please refer to our legend to fully understand the condition.<\/p>","protected":false},"featured_media":30658,"template":"","meta":[],"product_brand":[],"product_cat":[40,38,115,27,33],"product_tag":[],"class_list":{"0":"post-30654","1":"product","2":"type-product","3":"status-publish","4":"has-post-thumbnail","6":"product_cat-jazz","7":"product_cat-pop","8":"product_cat-quebecois-francophone-vinyles-usages","9":"product_cat-vinyles","10":"product_cat-vinyles-usages","11":"product_shipping_class-disques-us","13":"first","14":"instock","15":"sold-individually","16":"taxable","17":"shipping-taxable","18":"purchasable","19":"product-type-simple"},"_links":{"self":[{"href":"https:\/\/fuzzymuzik.com\/en\/wp-json\/wp\/v2\/product\/30654","targetHints":{"allow":["GET"]}}],"collection":[{"href":"https:\/\/fuzzymuzik.com\/en\/wp-json\/wp\/v2\/product"}],"about":[{"href":"https:\/\/fuzzymuzik.com\/en\/wp-json\/wp\/v2\/types\/product"}],"wp:featuredmedia":[{"embeddable":true,"href":"https:\/\/fuzzymuzik.com\/en\/wp-json\/wp\/v2\/media\/30658"}],"wp:attachment":[{"href":"https:\/\/fuzzymuzik.com\/en\/wp-json\/wp\/v2\/media?parent=30654"}],"wp:term":[{"taxonomy":"product_brand","embeddable":true,"href":"https:\/\/fuzzymuzik.com\/en\/wp-json\/wp\/v2\/product_brand?post=30654"},{"taxonomy":"product_cat","embeddable":true,"href":"https:\/\/fuzzymuzik.com\/en\/wp-json\/wp\/v2\/product_cat?post=30654"},{"taxonomy":"product_tag","embeddable":true,"href":"https:\/\/fuzzymuzik.com\/en\/wp-json\/wp\/v2\/product_tag?post=30654"}],"curies":[{"name":"wp","href":"https:\/\/api.w.org\/{rel}","templated":true}]}}