{"id":30609,"date":"2025-09-11T19:00:07","date_gmt":"2025-09-11T23:00:07","guid":{"rendered":"https:\/\/fuzzymuzik.com\/?post_type=product&#038;p=30609"},"modified":"2026-04-04T10:51:28","modified_gmt":"2026-04-04T14:51:28","slug":"roy-orbison-mystery-girl-lp-_-1989","status":"publish","type":"product","link":"https:\/\/fuzzymuzik.com\/en\/product\/roy-orbison-mystery-girl-lp-_-1989\/","title":{"rendered":"Roy Orbison \u2013 Mystery Girl LP _ 1989"},"content":{"rendered":"","protected":false},"excerpt":{"rendered":"<p>Un vrai album classic rock<\/p>\n<p>Album, Vinyle, Label : Virgin \u2013 VL 2576, 1989, Canada<\/p>\n<p>\u00c9tat du vinyle : VG+ : une graffine sans impact r\u00e9el au niveau de la sonorit\u00e9, side One<\/p>\n<p><span style=\"font-weight: 400;\">Cover condition: EX++ to NM-, w\/ OIS<\/span><\/p>\n<p>_<\/p>\n<p><i><span style=\"font-weight: 400;\">We use disc images for reference only. Please note that the photos shown are for reference only. Please refer to our legend to fully understand the condition.<\/span><\/i><\/p>","protected":false},"featured_media":30610,"template":"","meta":[],"product_brand":[],"product_cat":[143,27,33],"product_tag":[],"class_list":{"0":"post-30609","1":"product","2":"type-product","3":"status-publish","4":"has-post-thumbnail","6":"product_cat-rock-vinyles-usages","7":"product_cat-vinyles","8":"product_cat-vinyles-usages","9":"product_shipping_class-disques-us","11":"first","12":"instock","13":"sold-individually","14":"taxable","15":"shipping-taxable","16":"purchasable","17":"product-type-simple"},"_links":{"self":[{"href":"https:\/\/fuzzymuzik.com\/en\/wp-json\/wp\/v2\/product\/30609","targetHints":{"allow":["GET"]}}],"collection":[{"href":"https:\/\/fuzzymuzik.com\/en\/wp-json\/wp\/v2\/product"}],"about":[{"href":"https:\/\/fuzzymuzik.com\/en\/wp-json\/wp\/v2\/types\/product"}],"wp:featuredmedia":[{"embeddable":true,"href":"https:\/\/fuzzymuzik.com\/en\/wp-json\/wp\/v2\/media\/30610"}],"wp:attachment":[{"href":"https:\/\/fuzzymuzik.com\/en\/wp-json\/wp\/v2\/media?parent=30609"}],"wp:term":[{"taxonomy":"product_brand","embeddable":true,"href":"https:\/\/fuzzymuzik.com\/en\/wp-json\/wp\/v2\/product_brand?post=30609"},{"taxonomy":"product_cat","embeddable":true,"href":"https:\/\/fuzzymuzik.com\/en\/wp-json\/wp\/v2\/product_cat?post=30609"},{"taxonomy":"product_tag","embeddable":true,"href":"https:\/\/fuzzymuzik.com\/en\/wp-json\/wp\/v2\/product_tag?post=30609"}],"curies":[{"name":"wp","href":"https:\/\/api.w.org\/{rel}","templated":true}]}}