{"id":30465,"date":"2025-09-04T19:00:01","date_gmt":"2025-09-04T23:00:01","guid":{"rendered":"https:\/\/fuzzymuzik.com\/?post_type=product&#038;p=30465"},"modified":"2026-04-04T10:47:13","modified_gmt":"2026-04-04T14:47:13","slug":"sensations-fix-fragments-of-light-lp-1-press-italy","status":"publish","type":"product","link":"https:\/\/fuzzymuzik.com\/en\/product\/sensations-fix-fragments-of-light-lp-1-press-italy\/","title":{"rendered":"Sensations&rsquo; Fix \u200e\u2013 Fragments Of Light LP &#8211; 1 Press Italy."},"content":{"rendered":"","protected":false},"excerpt":{"rendered":"<p>Vinyl, Album, Label: Polydor \u200e\u2013 2448 023 L, Italy 1974. Matrix \u00a02448 023 2 1 520 21037415<\/p>\n<p><span style=\"font-weight: 400;\">Vinyl condition:NM-<\/span><\/p>\n<p><span style=\"font-weight: 400;\">\u00c9tat de la pochette : VG pour cause d&rsquo;une petite d\u00e9chirure coin sup\u00e9rieur gauche. Probablement un \u00e9tiquette de prix a \u00e9t\u00e9 enlev\u00e9. Pochette textur\u00e9. Autrement la pochette aurait \u00e9t\u00e9 VG +.<\/span><\/p>\n<p>_____<\/p>\n<p><i><span style=\"font-weight: 400;\">We use disc images for reference only. Please note that the photos shown are for reference only. Please refer to our legend to fully understand the condition.<\/span><\/i><\/p>","protected":false},"featured_media":30466,"template":"","meta":[],"product_brand":[],"product_cat":[54,143,27,33],"product_tag":[],"class_list":{"0":"post-30465","1":"product","2":"type-product","3":"status-publish","4":"has-post-thumbnail","6":"product_cat-progressif","7":"product_cat-rock-vinyles-usages","8":"product_cat-vinyles","9":"product_cat-vinyles-usages","10":"product_shipping_class-disques-us","12":"first","13":"instock","14":"sold-individually","15":"taxable","16":"shipping-taxable","17":"purchasable","18":"product-type-simple"},"_links":{"self":[{"href":"https:\/\/fuzzymuzik.com\/en\/wp-json\/wp\/v2\/product\/30465","targetHints":{"allow":["GET"]}}],"collection":[{"href":"https:\/\/fuzzymuzik.com\/en\/wp-json\/wp\/v2\/product"}],"about":[{"href":"https:\/\/fuzzymuzik.com\/en\/wp-json\/wp\/v2\/types\/product"}],"wp:featuredmedia":[{"embeddable":true,"href":"https:\/\/fuzzymuzik.com\/en\/wp-json\/wp\/v2\/media\/30466"}],"wp:attachment":[{"href":"https:\/\/fuzzymuzik.com\/en\/wp-json\/wp\/v2\/media?parent=30465"}],"wp:term":[{"taxonomy":"product_brand","embeddable":true,"href":"https:\/\/fuzzymuzik.com\/en\/wp-json\/wp\/v2\/product_brand?post=30465"},{"taxonomy":"product_cat","embeddable":true,"href":"https:\/\/fuzzymuzik.com\/en\/wp-json\/wp\/v2\/product_cat?post=30465"},{"taxonomy":"product_tag","embeddable":true,"href":"https:\/\/fuzzymuzik.com\/en\/wp-json\/wp\/v2\/product_tag?post=30465"}],"curies":[{"name":"wp","href":"https:\/\/api.w.org\/{rel}","templated":true}]}}