{"id":30287,"date":"2025-08-28T19:00:52","date_gmt":"2025-08-28T23:00:52","guid":{"rendered":"https:\/\/fuzzymuzik.com\/?post_type=product&#038;p=30287"},"modified":"2026-04-04T10:42:25","modified_gmt":"2026-04-04T14:42:25","slug":"bachman-turner-overdrive-four-wheel-drive-lp-shrink","status":"publish","type":"product","link":"https:\/\/fuzzymuzik.com\/en\/product\/bachman-turner-overdrive-four-wheel-drive-lp-shrink\/","title":{"rendered":"Bachman-Turner Overdrive \u2013 Four Wheel Drive LP -Shrink"},"content":{"rendered":"","protected":false},"excerpt":{"rendered":"<p>Vinyl, Album, Label: Virgin<span class=\"MuiTypography-root MuiTypography-labelSmall css-1kybk0l\"> \u2013 VGD 3506, UK 1981 2X vinyles Gatefold non ouvert.<\/span><\/p>\n<p><span style=\"font-weight: 400;\">Vinyl condition:NM-<\/span><\/p>\n<p><span style=\"font-weight: 400;\">\u00c9tat de la pochette :VG + coin droit sup\u00e9rieur coup\u00e9. Album dans son plastique d&rsquo;origine, Original inner sleeve inclus,<\/span><\/p>\n<p>_____<\/p>\n<p><i><span style=\"font-weight: 400;\">We use disc images for reference only. Please note that the photos shown are for reference only. Please refer to our legend to fully understand the condition.<\/span><\/i><\/p>","protected":false},"featured_media":30290,"template":"","meta":[],"product_brand":[],"product_cat":[143,27,33],"product_tag":[],"class_list":{"0":"post-30287","1":"product","2":"type-product","3":"status-publish","4":"has-post-thumbnail","6":"product_cat-rock-vinyles-usages","7":"product_cat-vinyles","8":"product_cat-vinyles-usages","9":"product_shipping_class-disques-us","11":"first","12":"instock","13":"sold-individually","14":"taxable","15":"shipping-taxable","16":"purchasable","17":"product-type-simple"},"_links":{"self":[{"href":"https:\/\/fuzzymuzik.com\/en\/wp-json\/wp\/v2\/product\/30287","targetHints":{"allow":["GET"]}}],"collection":[{"href":"https:\/\/fuzzymuzik.com\/en\/wp-json\/wp\/v2\/product"}],"about":[{"href":"https:\/\/fuzzymuzik.com\/en\/wp-json\/wp\/v2\/types\/product"}],"wp:featuredmedia":[{"embeddable":true,"href":"https:\/\/fuzzymuzik.com\/en\/wp-json\/wp\/v2\/media\/30290"}],"wp:attachment":[{"href":"https:\/\/fuzzymuzik.com\/en\/wp-json\/wp\/v2\/media?parent=30287"}],"wp:term":[{"taxonomy":"product_brand","embeddable":true,"href":"https:\/\/fuzzymuzik.com\/en\/wp-json\/wp\/v2\/product_brand?post=30287"},{"taxonomy":"product_cat","embeddable":true,"href":"https:\/\/fuzzymuzik.com\/en\/wp-json\/wp\/v2\/product_cat?post=30287"},{"taxonomy":"product_tag","embeddable":true,"href":"https:\/\/fuzzymuzik.com\/en\/wp-json\/wp\/v2\/product_tag?post=30287"}],"curies":[{"name":"wp","href":"https:\/\/api.w.org\/{rel}","templated":true}]}}