{"id":30216,"date":"2025-08-28T19:00:33","date_gmt":"2025-08-28T23:00:33","guid":{"rendered":"https:\/\/fuzzymuzik.com\/?post_type=product&#038;p=30216"},"modified":"2026-04-04T10:43:33","modified_gmt":"2026-04-04T14:43:33","slug":"hawkwind-choose-your-masques-lp-uk-pressing","status":"publish","type":"product","link":"https:\/\/fuzzymuzik.com\/en\/product\/hawkwind-choose-your-masques-lp-uk-pressing\/","title":{"rendered":"Hawkwind \u2013 Choose Your Masques LP- UK Pressing"},"content":{"rendered":"","protected":false},"excerpt":{"rendered":"<p>Vinyl, Album, Label: \u00a0Active Records<span class=\"MuiTypography-root MuiTypography-labelSmall css-1kybk0l\">\u2013 RCALP 6055, UK 1982<\/span><\/p>\n<p><span style=\"font-weight: 400;\">Vinyl condition:NM-<\/span><\/p>\n<p><span style=\"font-weight: 400;\">\u00c9tat de la pochette : VG + to EX- L\u00e9g\u00e8re usure sur la tranche du bas de la pochette.\u00a0<\/span><\/p>\n<p>_____<\/p>\n<p><i><span style=\"font-weight: 400;\">We use disc images for reference only. Please note that the photos shown are for reference only. Please refer to our legend to fully understand the condition.<\/span><\/i><\/p>","protected":false},"featured_media":30227,"template":"","meta":[],"product_brand":[],"product_cat":[54,143,27,33],"product_tag":[],"class_list":{"0":"post-30216","1":"product","2":"type-product","3":"status-publish","4":"has-post-thumbnail","6":"product_cat-progressif","7":"product_cat-rock-vinyles-usages","8":"product_cat-vinyles","9":"product_cat-vinyles-usages","10":"product_shipping_class-disques-us","12":"first","13":"instock","14":"sold-individually","15":"taxable","16":"shipping-taxable","17":"purchasable","18":"product-type-simple"},"_links":{"self":[{"href":"https:\/\/fuzzymuzik.com\/en\/wp-json\/wp\/v2\/product\/30216","targetHints":{"allow":["GET"]}}],"collection":[{"href":"https:\/\/fuzzymuzik.com\/en\/wp-json\/wp\/v2\/product"}],"about":[{"href":"https:\/\/fuzzymuzik.com\/en\/wp-json\/wp\/v2\/types\/product"}],"wp:featuredmedia":[{"embeddable":true,"href":"https:\/\/fuzzymuzik.com\/en\/wp-json\/wp\/v2\/media\/30227"}],"wp:attachment":[{"href":"https:\/\/fuzzymuzik.com\/en\/wp-json\/wp\/v2\/media?parent=30216"}],"wp:term":[{"taxonomy":"product_brand","embeddable":true,"href":"https:\/\/fuzzymuzik.com\/en\/wp-json\/wp\/v2\/product_brand?post=30216"},{"taxonomy":"product_cat","embeddable":true,"href":"https:\/\/fuzzymuzik.com\/en\/wp-json\/wp\/v2\/product_cat?post=30216"},{"taxonomy":"product_tag","embeddable":true,"href":"https:\/\/fuzzymuzik.com\/en\/wp-json\/wp\/v2\/product_tag?post=30216"}],"curies":[{"name":"wp","href":"https:\/\/api.w.org\/{rel}","templated":true}]}}