{"id":30200,"date":"2025-08-21T19:01:14","date_gmt":"2025-08-21T23:01:14","guid":{"rendered":"https:\/\/fuzzymuzik.com\/?post_type=product&#038;p=30200"},"modified":"2026-04-04T10:38:38","modified_gmt":"2026-04-04T14:38:38","slug":"rush-hemispheres-lp-_-club-edition-_-1978","status":"publish","type":"product","link":"https:\/\/fuzzymuzik.com\/en\/product\/rush-hemispheres-lp-_-club-edition-_-1978\/","title":{"rendered":"Rush \u2013 Hemispheres LP _ Club Edition _ 1978"},"content":{"rendered":"","protected":false},"excerpt":{"rendered":"<p>Vinyle, Album, Label : Anthem \u2013 ANR-1-1014<span class=\"MuiTypography-root MuiTypography-labelSmall css-1kybk0l\">, 1978, Canada<\/span><\/p>\n<p><span style=\"font-weight: 400;\">\u00c9tat du vinyle : EX (un tr\u00e8s beau)<br \/>\n<\/span><\/p>\n<p><span style=\"font-weight: 400;\">\u00c9tat de la pochette : VG+ : l\u00e9g\u00e8re d\u00e9coloration, gatefold<\/span><\/p>\n<p>_____<\/p>\n<p><i><span style=\"font-weight: 400;\">We use disc images for reference only. Please note that the photos shown are for reference only. Please refer to our legend to fully understand the condition.<\/span><\/i><\/p>","protected":false},"featured_media":30201,"template":"","meta":[],"product_brand":[],"product_cat":[54,27,33],"product_tag":[],"class_list":{"0":"post-30200","1":"product","2":"type-product","3":"status-publish","4":"has-post-thumbnail","6":"product_cat-progressif","7":"product_cat-vinyles","8":"product_cat-vinyles-usages","9":"product_shipping_class-disques-us","11":"first","12":"instock","13":"sold-individually","14":"taxable","15":"shipping-taxable","16":"purchasable","17":"product-type-simple"},"_links":{"self":[{"href":"https:\/\/fuzzymuzik.com\/en\/wp-json\/wp\/v2\/product\/30200","targetHints":{"allow":["GET"]}}],"collection":[{"href":"https:\/\/fuzzymuzik.com\/en\/wp-json\/wp\/v2\/product"}],"about":[{"href":"https:\/\/fuzzymuzik.com\/en\/wp-json\/wp\/v2\/types\/product"}],"wp:featuredmedia":[{"embeddable":true,"href":"https:\/\/fuzzymuzik.com\/en\/wp-json\/wp\/v2\/media\/30201"}],"wp:attachment":[{"href":"https:\/\/fuzzymuzik.com\/en\/wp-json\/wp\/v2\/media?parent=30200"}],"wp:term":[{"taxonomy":"product_brand","embeddable":true,"href":"https:\/\/fuzzymuzik.com\/en\/wp-json\/wp\/v2\/product_brand?post=30200"},{"taxonomy":"product_cat","embeddable":true,"href":"https:\/\/fuzzymuzik.com\/en\/wp-json\/wp\/v2\/product_cat?post=30200"},{"taxonomy":"product_tag","embeddable":true,"href":"https:\/\/fuzzymuzik.com\/en\/wp-json\/wp\/v2\/product_tag?post=30200"}],"curies":[{"name":"wp","href":"https:\/\/api.w.org\/{rel}","templated":true}]}}