{"id":30018,"date":"2026-01-30T10:27:43","date_gmt":"2026-01-30T15:27:43","guid":{"rendered":"https:\/\/fuzzymuzik.com\/?post_type=product&#038;p=30018"},"modified":"2026-04-04T11:47:03","modified_gmt":"2026-04-04T15:47:03","slug":"mononc-serge-mon-voyage-au-canada-2x-lp","status":"publish","type":"product","link":"https:\/\/fuzzymuzik.com\/en\/product\/mononc-serge-mon-voyage-au-canada-2x-lp\/","title":{"rendered":"Mononc&rsquo; Serge \u2013 Mon Voyage Au Canada 2X LP"},"content":{"rendered":"","protected":false},"excerpt":{"rendered":"<p>Vinyle, Album, Label : Not On Label &#8211; Mononc&rsquo; Serge Self-released \u2013 MON5-1599, 2015, Canada<\/p>\n<p><span style=\"font-weight: 400;\">\u00c9tat des vinyles : EX++ : ils ont \u00e9t\u00e9 d\u00e9pos\u00e9s sur un mat pour \u00e9coute. Tr\u00e8s l\u00e9gers hairlines sous lumi\u00e8re vive.<\/span><\/p>\n<p><span style=\"font-weight: 400;\">\u00c9tat de la pochette : EX to NM-, gatefold : production domestique, deux petites t\u00e2ches visibles sur une dent, provenant de l&rsquo;atelier de fabrication des pochette.<\/span><\/p>\n<p>_____<\/p>\n<p><i><span style=\"font-weight: 400;\">We use disc images for reference only. Please note that the photos shown are for reference only. Please refer to our legend to fully understand the condition.<\/span><\/i><\/p>","protected":false},"featured_media":30020,"template":"","meta":[],"product_brand":[],"product_cat":[115,27,33],"product_tag":[],"class_list":{"0":"post-30018","1":"product","2":"type-product","3":"status-publish","4":"has-post-thumbnail","6":"product_cat-quebecois-francophone-vinyles-usages","7":"product_cat-vinyles","8":"product_cat-vinyles-usages","9":"product_shipping_class-disques-us","11":"first","12":"instock","13":"sold-individually","14":"taxable","15":"shipping-taxable","16":"purchasable","17":"product-type-simple"},"_links":{"self":[{"href":"https:\/\/fuzzymuzik.com\/en\/wp-json\/wp\/v2\/product\/30018","targetHints":{"allow":["GET"]}}],"collection":[{"href":"https:\/\/fuzzymuzik.com\/en\/wp-json\/wp\/v2\/product"}],"about":[{"href":"https:\/\/fuzzymuzik.com\/en\/wp-json\/wp\/v2\/types\/product"}],"wp:featuredmedia":[{"embeddable":true,"href":"https:\/\/fuzzymuzik.com\/en\/wp-json\/wp\/v2\/media\/30020"}],"wp:attachment":[{"href":"https:\/\/fuzzymuzik.com\/en\/wp-json\/wp\/v2\/media?parent=30018"}],"wp:term":[{"taxonomy":"product_brand","embeddable":true,"href":"https:\/\/fuzzymuzik.com\/en\/wp-json\/wp\/v2\/product_brand?post=30018"},{"taxonomy":"product_cat","embeddable":true,"href":"https:\/\/fuzzymuzik.com\/en\/wp-json\/wp\/v2\/product_cat?post=30018"},{"taxonomy":"product_tag","embeddable":true,"href":"https:\/\/fuzzymuzik.com\/en\/wp-json\/wp\/v2\/product_tag?post=30018"}],"curies":[{"name":"wp","href":"https:\/\/api.w.org\/{rel}","templated":true}]}}