{"id":29883,"date":"2025-08-14T19:01:30","date_gmt":"2025-08-14T23:01:30","guid":{"rendered":"https:\/\/fuzzymuzik.com\/?post_type=product&#038;p=29883"},"modified":"2025-08-03T19:07:42","modified_gmt":"2025-08-03T23:07:42","slug":"anonymus-etat-brute-lp-_-disque-gris-_-copie-autographiee","status":"publish","type":"product","link":"https:\/\/fuzzymuzik.com\/en\/product\/anonymus-etat-brute-lp-_-disque-gris-_-copie-autographiee\/","title":{"rendered":"Anonymus \u2013 \u00c9tat Brute LP _ Disque gris _ Copie autographi\u00e9e !!"},"content":{"rendered":"","protected":false},"excerpt":{"rendered":"<p>Copie autographi\u00e9e en meet and greet.<\/p>\n<p>Vinyle, Album, Label : Bam&amp;Co &#8211; Heavy \u2013 ANO5-4084, 2018, Canada<\/p>\n<p><span style=\"font-weight: 400;\">Vinyl condition: NM-<\/span><\/p>\n<p><span style=\"font-weight: 400;\">\u00c9tat de la pochette : NM-, with insert. Cette \u00e9valuation ne tient pas compte de l&rsquo;\u00e9criture sur la pochette.<\/span><\/p>\n<p>&nbsp;<\/p>\n<p>_____<\/p>\n<p><i><span style=\"font-weight: 400;\">We use disc images for reference only. Please note that the photos shown are for reference only. Please refer to our legend to fully understand the condition.<\/span><\/i><\/p>","protected":false},"featured_media":29887,"template":"","meta":[],"product_brand":[],"product_cat":[53,115,27,33],"product_tag":[],"class_list":{"0":"post-29883","1":"product","2":"type-product","3":"status-publish","4":"has-post-thumbnail","6":"product_cat-metal-vinyles-usages","7":"product_cat-quebecois-francophone-vinyles-usages","8":"product_cat-vinyles","9":"product_cat-vinyles-usages","10":"product_shipping_class-disques-us","12":"first","13":"instock","14":"sold-individually","15":"taxable","16":"shipping-taxable","17":"purchasable","18":"product-type-simple"},"_links":{"self":[{"href":"https:\/\/fuzzymuzik.com\/en\/wp-json\/wp\/v2\/product\/29883","targetHints":{"allow":["GET"]}}],"collection":[{"href":"https:\/\/fuzzymuzik.com\/en\/wp-json\/wp\/v2\/product"}],"about":[{"href":"https:\/\/fuzzymuzik.com\/en\/wp-json\/wp\/v2\/types\/product"}],"wp:featuredmedia":[{"embeddable":true,"href":"https:\/\/fuzzymuzik.com\/en\/wp-json\/wp\/v2\/media\/29887"}],"wp:attachment":[{"href":"https:\/\/fuzzymuzik.com\/en\/wp-json\/wp\/v2\/media?parent=29883"}],"wp:term":[{"taxonomy":"product_brand","embeddable":true,"href":"https:\/\/fuzzymuzik.com\/en\/wp-json\/wp\/v2\/product_brand?post=29883"},{"taxonomy":"product_cat","embeddable":true,"href":"https:\/\/fuzzymuzik.com\/en\/wp-json\/wp\/v2\/product_cat?post=29883"},{"taxonomy":"product_tag","embeddable":true,"href":"https:\/\/fuzzymuzik.com\/en\/wp-json\/wp\/v2\/product_tag?post=29883"}],"curies":[{"name":"wp","href":"https:\/\/api.w.org\/{rel}","templated":true}]}}