{"id":29603,"date":"2025-07-31T08:01:51","date_gmt":"2025-07-31T12:01:51","guid":{"rendered":"https:\/\/fuzzymuzik.com\/?post_type=product&#038;p=29603"},"modified":"2026-04-01T23:10:02","modified_gmt":"2026-04-02T03:10:02","slug":"mayhem-esoteric-warfare-12-45-rpm-album-_-ltd-ed-400-copies","status":"publish","type":"product","link":"https:\/\/fuzzymuzik.com\/en\/product\/mayhem-esoteric-warfare-12-45-rpm-album-_-ltd-ed-400-copies\/","title":{"rendered":"Mayhem \u2013 Esoteric Warfare 12&Prime;, 45 RPM, Album _ Ltd. Ed. 400 copies"},"content":{"rendered":"","protected":false},"excerpt":{"rendered":"<p>Premier pressing Nord Am\u00e9ricain sur vinyles noirs, \u00e9dit\u00e9 \u00e0 400 copies. Pochette gatefold, vient avec son sleeve plastique d&rsquo;origine w\/ hype sticker.<br \/>\nVinyls, Album, Label : Season Of Mist \u2013 SOM 333LP, 2014, USA<\/p>\n<p><span style=\"font-weight: 400;\">Vinyl condition: NM- _ NM-<\/span><\/p>\n<p><span style=\"font-weight: 400;\">\u00c9tat de la pochette : NM-, OIS (2)<\/p>\n<p><\/span><\/p>\n<p>_____<\/p>\n<p><i><span style=\"font-weight: 400;\">We use disc images for reference only. Please note that the photos shown are for reference only. Please refer to our legend to fully understand the condition.<\/span><\/i><\/p>","protected":false},"featured_media":29604,"template":"","meta":[],"product_brand":[],"product_cat":[53,27,33],"product_tag":[],"class_list":{"0":"post-29603","1":"product","2":"type-product","3":"status-publish","4":"has-post-thumbnail","6":"product_cat-metal-vinyles-usages","7":"product_cat-vinyles","8":"product_cat-vinyles-usages","9":"product_shipping_class-disques-us","11":"first","12":"instock","13":"sold-individually","14":"taxable","15":"shipping-taxable","16":"purchasable","17":"product-type-simple"},"_links":{"self":[{"href":"https:\/\/fuzzymuzik.com\/en\/wp-json\/wp\/v2\/product\/29603","targetHints":{"allow":["GET"]}}],"collection":[{"href":"https:\/\/fuzzymuzik.com\/en\/wp-json\/wp\/v2\/product"}],"about":[{"href":"https:\/\/fuzzymuzik.com\/en\/wp-json\/wp\/v2\/types\/product"}],"wp:featuredmedia":[{"embeddable":true,"href":"https:\/\/fuzzymuzik.com\/en\/wp-json\/wp\/v2\/media\/29604"}],"wp:attachment":[{"href":"https:\/\/fuzzymuzik.com\/en\/wp-json\/wp\/v2\/media?parent=29603"}],"wp:term":[{"taxonomy":"product_brand","embeddable":true,"href":"https:\/\/fuzzymuzik.com\/en\/wp-json\/wp\/v2\/product_brand?post=29603"},{"taxonomy":"product_cat","embeddable":true,"href":"https:\/\/fuzzymuzik.com\/en\/wp-json\/wp\/v2\/product_cat?post=29603"},{"taxonomy":"product_tag","embeddable":true,"href":"https:\/\/fuzzymuzik.com\/en\/wp-json\/wp\/v2\/product_tag?post=29603"}],"curies":[{"name":"wp","href":"https:\/\/api.w.org\/{rel}","templated":true}]}}