{"id":29467,"date":"2025-07-27T12:40:21","date_gmt":"2025-07-27T16:40:21","guid":{"rendered":"https:\/\/fuzzymuzik.com\/?post_type=product&#038;p=29467"},"modified":"2026-04-04T19:40:04","modified_gmt":"2026-04-04T23:40:04","slug":"johnny-winter-and-live-lp-_-in-shrink-_-top-copie-_-pressing-us","status":"publish","type":"product","link":"https:\/\/fuzzymuzik.com\/en\/product\/johnny-winter-and-live-lp-_-in-shrink-_-top-copie-_-pressing-us\/","title":{"rendered":"Johnny Winter And \u200e\u2013 Live LP _ In shrink ! _ Top Copie _ Pressing US"},"content":{"rendered":"","protected":false},"excerpt":{"rendered":"<p>Album dans une condition \u00e9pouvantablement belle !!! Dans son cellophane d&rsquo;origine et le gatefold n&rsquo;a jamais \u00e9t\u00e9 ouvert. Copie US.<\/p>\n<p>Vinyl, Album, Label : Columbia PC 30475, USA<\/p>\n<p><span style=\"font-weight: 400;\">Vinyl condition: NM-<\/span><\/p>\n<p><span style=\"font-weight: 400;\">\u00c9tat de la pochette : NM-, dans son cellophane d&rsquo;origine avec un \u00ab\u00a0Nice price\u00a0\u00bb hype sticker.<\/span><\/p>\n<p>_____<\/p>\n<p><i><span style=\"font-weight: 400;\">We use disc images for reference only. Please note that the photos shown are for reference only. Please refer to our legend to fully understand the condition.<\/span><\/i><\/p>","protected":false},"featured_media":29481,"template":"","meta":[],"product_brand":[],"product_cat":[147,143,27,33],"product_tag":[],"class_list":{"0":"post-29467","1":"product","2":"type-product","3":"status-publish","4":"has-post-thumbnail","6":"product_cat-blues-folk-vinyles-usages","7":"product_cat-rock-vinyles-usages","8":"product_cat-vinyles","9":"product_cat-vinyles-usages","10":"product_shipping_class-disques-us","12":"first","13":"instock","14":"sold-individually","15":"taxable","16":"shipping-taxable","17":"purchasable","18":"product-type-simple"},"_links":{"self":[{"href":"https:\/\/fuzzymuzik.com\/en\/wp-json\/wp\/v2\/product\/29467","targetHints":{"allow":["GET"]}}],"collection":[{"href":"https:\/\/fuzzymuzik.com\/en\/wp-json\/wp\/v2\/product"}],"about":[{"href":"https:\/\/fuzzymuzik.com\/en\/wp-json\/wp\/v2\/types\/product"}],"wp:featuredmedia":[{"embeddable":true,"href":"https:\/\/fuzzymuzik.com\/en\/wp-json\/wp\/v2\/media\/29481"}],"wp:attachment":[{"href":"https:\/\/fuzzymuzik.com\/en\/wp-json\/wp\/v2\/media?parent=29467"}],"wp:term":[{"taxonomy":"product_brand","embeddable":true,"href":"https:\/\/fuzzymuzik.com\/en\/wp-json\/wp\/v2\/product_brand?post=29467"},{"taxonomy":"product_cat","embeddable":true,"href":"https:\/\/fuzzymuzik.com\/en\/wp-json\/wp\/v2\/product_cat?post=29467"},{"taxonomy":"product_tag","embeddable":true,"href":"https:\/\/fuzzymuzik.com\/en\/wp-json\/wp\/v2\/product_tag?post=29467"}],"curies":[{"name":"wp","href":"https:\/\/api.w.org\/{rel}","templated":true}]}}