{"id":29400,"date":"2025-07-27T10:52:07","date_gmt":"2025-07-27T14:52:07","guid":{"rendered":"https:\/\/fuzzymuzik.com\/?post_type=product&#038;p=29400"},"modified":"2026-04-01T22:57:01","modified_gmt":"2026-04-02T02:57:01","slug":"uriah-heep-uriah-heep-live-lp","status":"publish","type":"product","link":"https:\/\/fuzzymuzik.com\/en\/product\/uriah-heep-uriah-heep-live-lp\/","title":{"rendered":"Uriah Heep \u2013 Uriah Heep Live LP"},"content":{"rendered":"","protected":false},"excerpt":{"rendered":"<p>Vinyl, Album, Label : Mercury<span class=\"MuiTypography-root MuiTypography-labelSmall css-1kybk0l\"> \u2013 SRM-2-7503,\u00a0 Canada 2x vinyl.<\/span><\/p>\n<p><span style=\"font-weight: 400;\">Vinyl condition: NM-<\/span><\/p>\n<p><span style=\"font-weight: 400;\">\u00c9tat de la pochette : VG + to EX-, mat black sleeve in excellent condition. c&rsquo;est la photo sur Discogs ! Elle est en excellent \u00e9tat, ce qui en fait une tr\u00e8s belle copie, soigneusement conserv\u00e9e.<\/span><\/p>\n<p>_____<\/p>\n<p><i><span style=\"font-weight: 400;\">We use disc images for reference only. Please note that the photos shown are for reference only. Please refer to our legend to fully understand the condition.<\/span><\/i><\/p>","protected":false},"featured_media":29421,"template":"","meta":[],"product_brand":[],"product_cat":[54,143,27,33],"product_tag":[],"class_list":{"0":"post-29400","1":"product","2":"type-product","3":"status-publish","4":"has-post-thumbnail","6":"product_cat-progressif","7":"product_cat-rock-vinyles-usages","8":"product_cat-vinyles","9":"product_cat-vinyles-usages","10":"product_shipping_class-disques-us","12":"first","13":"instock","14":"sold-individually","15":"taxable","16":"shipping-taxable","17":"purchasable","18":"product-type-simple"},"_links":{"self":[{"href":"https:\/\/fuzzymuzik.com\/en\/wp-json\/wp\/v2\/product\/29400","targetHints":{"allow":["GET"]}}],"collection":[{"href":"https:\/\/fuzzymuzik.com\/en\/wp-json\/wp\/v2\/product"}],"about":[{"href":"https:\/\/fuzzymuzik.com\/en\/wp-json\/wp\/v2\/types\/product"}],"wp:featuredmedia":[{"embeddable":true,"href":"https:\/\/fuzzymuzik.com\/en\/wp-json\/wp\/v2\/media\/29421"}],"wp:attachment":[{"href":"https:\/\/fuzzymuzik.com\/en\/wp-json\/wp\/v2\/media?parent=29400"}],"wp:term":[{"taxonomy":"product_brand","embeddable":true,"href":"https:\/\/fuzzymuzik.com\/en\/wp-json\/wp\/v2\/product_brand?post=29400"},{"taxonomy":"product_cat","embeddable":true,"href":"https:\/\/fuzzymuzik.com\/en\/wp-json\/wp\/v2\/product_cat?post=29400"},{"taxonomy":"product_tag","embeddable":true,"href":"https:\/\/fuzzymuzik.com\/en\/wp-json\/wp\/v2\/product_tag?post=29400"}],"curies":[{"name":"wp","href":"https:\/\/api.w.org\/{rel}","templated":true}]}}