{"id":29161,"date":"2025-07-05T15:42:28","date_gmt":"2025-07-05T19:42:28","guid":{"rendered":"https:\/\/fuzzymuzik.com\/?post_type=product&#038;p=29161"},"modified":"2026-04-01T22:47:40","modified_gmt":"2026-04-02T02:47:40","slug":"dominique-fils-aime-nameless-12-45-rpm","status":"publish","type":"product","link":"https:\/\/fuzzymuzik.com\/en\/product\/dominique-fils-aime-nameless-12-45-rpm\/","title":{"rendered":"Dominique Fils-Aim\u00e9 \u2013 Nameless  12&Prime;, 45 RPM"},"content":{"rendered":"","protected":false},"excerpt":{"rendered":"<p>Vinyle, 12&Prime;, 45 RPM, Label : Unsoul \u2013 ESR-LP-01, 2020, Canada<\/p>\n<p>Vinyl condition: NM-<\/p>\n<p>\u00c9tat de la pochette : EX, hype sticker conserv\u00e9 avec la facture d&rsquo;origine d&rsquo;un magasin de disque montr\u00e9alais. Achet\u00e9 le 15 Juillet 2021.<\/p>\n<p>_____<\/p>\n<p>We use disc images for reference only. Please note that the photos shown are for reference only. Please refer to our legend to fully understand the condition.<\/p>","protected":false},"featured_media":29156,"template":"","meta":[],"product_brand":[],"product_cat":[125,40,115,27,33],"product_tag":[],"class_list":{"0":"post-29161","1":"product","2":"type-product","3":"status-publish","4":"has-post-thumbnail","6":"product_cat-funk-soul","7":"product_cat-jazz","8":"product_cat-quebecois-francophone-vinyles-usages","9":"product_cat-vinyles","10":"product_cat-vinyles-usages","11":"product_shipping_class-disques-us","13":"first","14":"instock","15":"downloadable","16":"taxable","17":"shipping-taxable","18":"purchasable","19":"product-type-simple"},"_links":{"self":[{"href":"https:\/\/fuzzymuzik.com\/en\/wp-json\/wp\/v2\/product\/29161","targetHints":{"allow":["GET"]}}],"collection":[{"href":"https:\/\/fuzzymuzik.com\/en\/wp-json\/wp\/v2\/product"}],"about":[{"href":"https:\/\/fuzzymuzik.com\/en\/wp-json\/wp\/v2\/types\/product"}],"wp:featuredmedia":[{"embeddable":true,"href":"https:\/\/fuzzymuzik.com\/en\/wp-json\/wp\/v2\/media\/29156"}],"wp:attachment":[{"href":"https:\/\/fuzzymuzik.com\/en\/wp-json\/wp\/v2\/media?parent=29161"}],"wp:term":[{"taxonomy":"product_brand","embeddable":true,"href":"https:\/\/fuzzymuzik.com\/en\/wp-json\/wp\/v2\/product_brand?post=29161"},{"taxonomy":"product_cat","embeddable":true,"href":"https:\/\/fuzzymuzik.com\/en\/wp-json\/wp\/v2\/product_cat?post=29161"},{"taxonomy":"product_tag","embeddable":true,"href":"https:\/\/fuzzymuzik.com\/en\/wp-json\/wp\/v2\/product_tag?post=29161"}],"curies":[{"name":"wp","href":"https:\/\/api.w.org\/{rel}","templated":true}]}}