{"id":29052,"date":"2025-07-05T10:30:37","date_gmt":"2025-07-05T14:30:37","guid":{"rendered":"https:\/\/fuzzymuzik.com\/?post_type=product&#038;p=29052"},"modified":"2026-04-01T22:50:24","modified_gmt":"2026-04-02T02:50:24","slug":"jonathan-roy-my-lullaby-lp-_-copie-autographie-_-rsd","status":"publish","type":"product","link":"https:\/\/fuzzymuzik.com\/en\/product\/jonathan-roy-my-lullaby-lp-_-copie-autographie-_-rsd\/","title":{"rendered":"Jonathan Roy \u2013 My Lullaby LP _ Copie autographi\u00e9e _ RSD"},"content":{"rendered":"","protected":false},"excerpt":{"rendered":"<p>Un peu controvers\u00e9 comme son p\u00e8re mais pas dans les m\u00eames r\u00e9pertoires. Ne le sous-estimez pas celui-l\u00e0 : aller voir les derni\u00e8res ventes Discogs. Dans ce cas-ci, copie acquise des mains d&rsquo;une amie, jamais vendu en boutique.<\/p>\n<p><span style=\"font-weight: 400;\">Vinyle, LP, Album, Label : FACTOR &#8211; none, 2023, Canada<\/span><\/p>\n<p><span style=\"font-weight: 400;\">\u00c9tat du vinyle : NM-, disque bleu<\/span><\/p>\n<p><span style=\"font-weight: 400;\">\u00c9tat de la pochette : NM-, gatefold with signed picture sleeve + insert<\/span><\/p>\n<p>_____<\/p>\n<p><i><span style=\"font-weight: 400;\">We use disc images for reference only. Please note that the photos shown are for reference only. Please refer to our legend to fully understand the condition.<\/span><\/i><\/p>","protected":false},"featured_media":29057,"template":"","meta":[],"product_brand":[],"product_cat":[115,27,33],"product_tag":[],"class_list":{"0":"post-29052","1":"product","2":"type-product","3":"status-publish","4":"has-post-thumbnail","6":"product_cat-quebecois-francophone-vinyles-usages","7":"product_cat-vinyles","8":"product_cat-vinyles-usages","9":"product_shipping_class-disques-us","11":"first","12":"instock","13":"sold-individually","14":"taxable","15":"shipping-taxable","16":"purchasable","17":"product-type-simple"},"_links":{"self":[{"href":"https:\/\/fuzzymuzik.com\/en\/wp-json\/wp\/v2\/product\/29052","targetHints":{"allow":["GET"]}}],"collection":[{"href":"https:\/\/fuzzymuzik.com\/en\/wp-json\/wp\/v2\/product"}],"about":[{"href":"https:\/\/fuzzymuzik.com\/en\/wp-json\/wp\/v2\/types\/product"}],"wp:featuredmedia":[{"embeddable":true,"href":"https:\/\/fuzzymuzik.com\/en\/wp-json\/wp\/v2\/media\/29057"}],"wp:attachment":[{"href":"https:\/\/fuzzymuzik.com\/en\/wp-json\/wp\/v2\/media?parent=29052"}],"wp:term":[{"taxonomy":"product_brand","embeddable":true,"href":"https:\/\/fuzzymuzik.com\/en\/wp-json\/wp\/v2\/product_brand?post=29052"},{"taxonomy":"product_cat","embeddable":true,"href":"https:\/\/fuzzymuzik.com\/en\/wp-json\/wp\/v2\/product_cat?post=29052"},{"taxonomy":"product_tag","embeddable":true,"href":"https:\/\/fuzzymuzik.com\/en\/wp-json\/wp\/v2\/product_tag?post=29052"}],"curies":[{"name":"wp","href":"https:\/\/api.w.org\/{rel}","templated":true}]}}