{"id":29031,"date":"2025-07-05T09:19:41","date_gmt":"2025-07-05T13:19:41","guid":{"rendered":"https:\/\/fuzzymuzik.com\/?post_type=product&#038;p=29031"},"modified":"2026-04-01T22:51:30","modified_gmt":"2026-04-02T02:51:30","slug":"caravane-chien-noir-lp-_-copie-avec-insert-autographie","status":"publish","type":"product","link":"https:\/\/fuzzymuzik.com\/en\/product\/caravane-chien-noir-lp-_-copie-avec-insert-autographie\/","title":{"rendered":"Caravane \u2013 Chien Noir LP _ Copie avec insert autographi\u00e9 _ 500 copies"},"content":{"rendered":"","protected":false},"excerpt":{"rendered":"<p>Album qui est pass\u00e9 rapidement dans les bacs, peu distribu\u00e9 et surtout vendu lors de concerts comme en fait foi cette insert autographi\u00e9, ainsi que sur la page du band. Excellent rock Qu\u00e9b\u00e9cois et incontournable pour qui s&rsquo;int\u00e9resse et appr\u00e9cie ce cr\u00e9neau musical. Ils ont \u00e9t\u00e9 nomin\u00e9 ADISQ 2015 et offre un rock-blues teint\u00e9 de folk qui n&rsquo;a rien \u00e0 envier \u00e0 leurs pairs am\u00e9ricains : The White Stripes, The Black Keys et The Gaslight Anthem de ce monde.<\/p>\n<p>&nbsp;<\/p>\n<p><span style=\"font-weight: 400;\">Vinyle, LP, Album, Label : Ste-4 Musique \u2013 STE4-9104, 2014, Canada<\/span><\/p>\n<p><span style=\"font-weight: 400;\">Vinyl condition: NM-<\/span><\/p>\n<p><span style=\"font-weight: 400;\">\u00c9tat de la pochette : NM-, with signed OIS + download card<\/span><\/p>\n<p>_____<\/p>\n<p><i><span style=\"font-weight: 400;\">We use disc images for reference only. Please note that the photos shown are for reference only. Please refer to our legend to fully understand the condition.<\/span><\/i><\/p>","protected":false},"featured_media":29033,"template":"","meta":[],"product_brand":[],"product_cat":[147,115,27,33],"product_tag":[],"class_list":{"0":"post-29031","1":"product","2":"type-product","3":"status-publish","4":"has-post-thumbnail","6":"product_cat-blues-folk-vinyles-usages","7":"product_cat-quebecois-francophone-vinyles-usages","8":"product_cat-vinyles","9":"product_cat-vinyles-usages","10":"product_shipping_class-disques-us","12":"first","13":"instock","14":"sold-individually","15":"taxable","16":"shipping-taxable","17":"purchasable","18":"product-type-simple"},"_links":{"self":[{"href":"https:\/\/fuzzymuzik.com\/en\/wp-json\/wp\/v2\/product\/29031","targetHints":{"allow":["GET"]}}],"collection":[{"href":"https:\/\/fuzzymuzik.com\/en\/wp-json\/wp\/v2\/product"}],"about":[{"href":"https:\/\/fuzzymuzik.com\/en\/wp-json\/wp\/v2\/types\/product"}],"wp:featuredmedia":[{"embeddable":true,"href":"https:\/\/fuzzymuzik.com\/en\/wp-json\/wp\/v2\/media\/29033"}],"wp:attachment":[{"href":"https:\/\/fuzzymuzik.com\/en\/wp-json\/wp\/v2\/media?parent=29031"}],"wp:term":[{"taxonomy":"product_brand","embeddable":true,"href":"https:\/\/fuzzymuzik.com\/en\/wp-json\/wp\/v2\/product_brand?post=29031"},{"taxonomy":"product_cat","embeddable":true,"href":"https:\/\/fuzzymuzik.com\/en\/wp-json\/wp\/v2\/product_cat?post=29031"},{"taxonomy":"product_tag","embeddable":true,"href":"https:\/\/fuzzymuzik.com\/en\/wp-json\/wp\/v2\/product_tag?post=29031"}],"curies":[{"name":"wp","href":"https:\/\/api.w.org\/{rel}","templated":true}]}}