{"id":28978,"date":"2025-03-22T11:24:07","date_gmt":"2025-03-22T15:24:07","guid":{"rendered":"https:\/\/fuzzymuzik.com\/?post_type=product&#038;p=28978"},"modified":"2026-04-01T22:43:43","modified_gmt":"2026-04-02T02:43:43","slug":"lot-de-100-pochettes-exterieures-neuves-pour-disques-7","status":"publish","type":"product","link":"https:\/\/fuzzymuzik.com\/en\/product\/lot-de-100-pochettes-exterieures-neuves-pour-disques-7\/","title":{"rendered":"Pack of 100 new outer sleeves for 7\u2033 discs"},"content":{"rendered":"","protected":false},"excerpt":{"rendered":"<p>La conservation du m\u00e9dia est critique. De nombreuses productions, incluant des r\u00e9centes, n&rsquo;ont jamais inclues de pochettes protectrices, ce qui g\u00e9n\u00e8re in\u00e9vitablement de l&rsquo;usure pr\u00e9matur\u00e9e.<\/p>\n<p>Malheureusement cette programmation involontaire \u00e0 l&rsquo;obsolescence, se corrige au moyen de cette pochette de qualit\u00e9, \u00e9quivalente \u00e0 celles dites \u00ab\u00a03-Mil\u00a0\u00bb, fabriqu\u00e9es et con\u00e7ues pour les albums double format 12&Prime;. Nous vous offrons un <em>heavy-duty 3 mil (2.8) poly sleeve<\/em> con\u00e7u sp\u00e9cialement pour les disques 45 tours, format 7&Prime;. La dimension est de 7.5&Prime; x 7.5&Prime;. <em>\u00c7a fitte<\/em> !<\/p>\n<p>Bien entendu, la manipulation et l&rsquo;entreposage sont la cl\u00e9 du succ\u00e8s. Imm\u00e9diatement apr\u00e8s vient ce type de pochette, qui neuve accordera le s\u00e9rieux et le respect que nous vouons \u00e0 nos pr\u00e9cieux <em>records<\/em>.<\/p>\n<p>Nous vous recommandons ce produit de qualit\u00e9, surtout apr\u00e8s de nombreuses ann\u00e9es\u00a0 et m\u00eame si le disque b\u00e9n\u00e9ficiait d\u00e9j\u00e0 d&rsquo;une pochette, aujourd&rsquo;hui us\u00e9e ou jaunie.<\/p>\n<p>Pour des commandes qui exc\u00e8dent 100 unit\u00e9s, nous \u00e9crire. Nous avons l&rsquo;inventaire suffisant.<\/p>\n<p>&nbsp;<\/p>","protected":false},"featured_media":28979,"template":"","meta":[],"product_brand":[],"product_cat":[143,27,34,33],"product_tag":[],"class_list":{"0":"post-28978","1":"product","2":"type-product","3":"status-publish","4":"has-post-thumbnail","6":"product_cat-rock-vinyles-usages","7":"product_cat-vinyles","8":"product_cat-vinyles-neufs","9":"product_cat-vinyles-usages","10":"product_shipping_class-disques-us","12":"first","13":"instock","14":"taxable","15":"shipping-taxable","16":"purchasable","17":"product-type-simple"},"_links":{"self":[{"href":"https:\/\/fuzzymuzik.com\/en\/wp-json\/wp\/v2\/product\/28978","targetHints":{"allow":["GET"]}}],"collection":[{"href":"https:\/\/fuzzymuzik.com\/en\/wp-json\/wp\/v2\/product"}],"about":[{"href":"https:\/\/fuzzymuzik.com\/en\/wp-json\/wp\/v2\/types\/product"}],"wp:featuredmedia":[{"embeddable":true,"href":"https:\/\/fuzzymuzik.com\/en\/wp-json\/wp\/v2\/media\/28979"}],"wp:attachment":[{"href":"https:\/\/fuzzymuzik.com\/en\/wp-json\/wp\/v2\/media?parent=28978"}],"wp:term":[{"taxonomy":"product_brand","embeddable":true,"href":"https:\/\/fuzzymuzik.com\/en\/wp-json\/wp\/v2\/product_brand?post=28978"},{"taxonomy":"product_cat","embeddable":true,"href":"https:\/\/fuzzymuzik.com\/en\/wp-json\/wp\/v2\/product_cat?post=28978"},{"taxonomy":"product_tag","embeddable":true,"href":"https:\/\/fuzzymuzik.com\/en\/wp-json\/wp\/v2\/product_tag?post=28978"}],"curies":[{"name":"wp","href":"https:\/\/api.w.org\/{rel}","templated":true}]}}