{"id":28976,"date":"2025-03-22T10:43:46","date_gmt":"2025-03-22T14:43:46","guid":{"rendered":"https:\/\/fuzzymuzik.com\/?post_type=product&#038;p=28976"},"modified":"2026-04-01T22:44:03","modified_gmt":"2026-04-02T02:44:03","slug":"lot-de-50-pochettes-interieures-neuves-pour-disques-12","status":"publish","type":"product","link":"https:\/\/fuzzymuzik.com\/en\/product\/lot-de-50-pochettes-interieures-neuves-pour-disques-12\/","title":{"rendered":"Lot de 50 pochettes int\u00e9rieures neuves pour disques 12&Prime;"},"content":{"rendered":"","protected":false},"excerpt":{"rendered":"<p>La conservation du m\u00e9dia est critique. De nombreuses productions, incluant des r\u00e9centes, utilisent des pochettes int\u00e9rieures constitu\u00e9es d&rsquo;un mat\u00e9riel qui endommagera le vinyle, progressivement. Malheureusement cette programmation involontaire \u00e0 l&rsquo;obsolescence du pr\u00e9cieux m\u00e9dia, se corrige au moyen de cette simple pochette papier blanche. La pochette int\u00e9rieure que nous vous offrons, est sp\u00e9cialement con\u00e7ue pour les disques vinyles format 12&Prime;. Elle pr\u00e9vient la statique sinon l&rsquo;accumulation de poussi\u00e8re ou petits grains qui g\u00e9n\u00e9reront les <em>hairlines.<\/em> Car oui, la pochette int\u00e9rieure de grande qualit\u00e9, anti-statique qui enveloppe int\u00e9gralement un disque vinyle, ne pr\u00e9viendra pas le contact avec de la contamination s&rsquo;y \u00e9tant gliss\u00e9e.<\/p>\n<p>Bien entendu, la manipulation et l&rsquo;entreposage sont la cl\u00e9 du succ\u00e8s. Imm\u00e9diatement apr\u00e8s vient ce type de pochette, fort abordable et accessible pour tous les budget. Nous vous la recommandons, surtout que de nombreuses ann\u00e9es dans une pochette d&rsquo;origine n\u00e9cessite une correction imm\u00e9diate.<\/p>\n<p>Pour des commandes qui exc\u00e8dent 100 unit\u00e9s, nous \u00e9crire. Nous avons l&rsquo;inventaire suffisant.<\/p>\n<p>&nbsp;<\/p>","protected":false},"featured_media":28977,"template":"","meta":[],"product_brand":[],"product_cat":[142,143,27,34,33],"product_tag":[],"class_list":{"0":"post-28976","1":"product","2":"type-product","3":"status-publish","4":"has-post-thumbnail","6":"product_cat-rock","7":"product_cat-rock-vinyles-usages","8":"product_cat-vinyles","9":"product_cat-vinyles-neufs","10":"product_cat-vinyles-usages","11":"product_shipping_class-disques-us","13":"first","14":"instock","15":"taxable","16":"shipping-taxable","17":"purchasable","18":"product-type-simple"},"_links":{"self":[{"href":"https:\/\/fuzzymuzik.com\/en\/wp-json\/wp\/v2\/product\/28976","targetHints":{"allow":["GET"]}}],"collection":[{"href":"https:\/\/fuzzymuzik.com\/en\/wp-json\/wp\/v2\/product"}],"about":[{"href":"https:\/\/fuzzymuzik.com\/en\/wp-json\/wp\/v2\/types\/product"}],"wp:featuredmedia":[{"embeddable":true,"href":"https:\/\/fuzzymuzik.com\/en\/wp-json\/wp\/v2\/media\/28977"}],"wp:attachment":[{"href":"https:\/\/fuzzymuzik.com\/en\/wp-json\/wp\/v2\/media?parent=28976"}],"wp:term":[{"taxonomy":"product_brand","embeddable":true,"href":"https:\/\/fuzzymuzik.com\/en\/wp-json\/wp\/v2\/product_brand?post=28976"},{"taxonomy":"product_cat","embeddable":true,"href":"https:\/\/fuzzymuzik.com\/en\/wp-json\/wp\/v2\/product_cat?post=28976"},{"taxonomy":"product_tag","embeddable":true,"href":"https:\/\/fuzzymuzik.com\/en\/wp-json\/wp\/v2\/product_tag?post=28976"}],"curies":[{"name":"wp","href":"https:\/\/api.w.org\/{rel}","templated":true}]}}