{"id":28784,"date":"2025-03-02T16:17:33","date_gmt":"2025-03-02T21:17:33","guid":{"rendered":"https:\/\/fuzzymuzik.com\/?post_type=product&#038;p=28784"},"modified":"2026-04-01T22:37:54","modified_gmt":"2026-04-02T02:37:54","slug":"strawbs-bursting-at-the-seams-lp","status":"publish","type":"product","link":"https:\/\/fuzzymuzik.com\/en\/product\/strawbs-bursting-at-the-seams-lp\/","title":{"rendered":"Strawbs - Bursting At The Seams LP"},"content":{"rendered":"","protected":false},"excerpt":{"rendered":"<p>Un autre Strawbs excessivement rare \u00e0 trouver avec une pochette en excellent \u00e9tat. La qualit\u00e9 de production, mat black est fort propice au ringwear . Ici une pochette EX ! Exceptionnel !<\/p>\n<p>Album, Vinyle, Label : A&amp;M Records &#8211; SP-4383, 1973, Canada<\/p>\n<p>Vinyl condition: EX<\/p>\n<p>\u00c9tat de la pochette : EX, w\/ insert + A&amp;M branded OIS<\/p>\n<p>_____<\/p>\n<p>We use disc images for reference only. Please note that the photos shown are for reference only. Please refer to our legend to fully understand the condition.<\/p>","protected":false},"featured_media":28785,"template":"","meta":[],"product_brand":[],"product_cat":[54,27,33],"product_tag":[],"class_list":{"0":"post-28784","1":"product","2":"type-product","3":"status-publish","4":"has-post-thumbnail","6":"product_cat-progressif","7":"product_cat-vinyles","8":"product_cat-vinyles-usages","9":"product_shipping_class-posters-us","11":"first","12":"instock","13":"sold-individually","14":"taxable","15":"shipping-taxable","16":"purchasable","17":"product-type-simple"},"_links":{"self":[{"href":"https:\/\/fuzzymuzik.com\/en\/wp-json\/wp\/v2\/product\/28784","targetHints":{"allow":["GET"]}}],"collection":[{"href":"https:\/\/fuzzymuzik.com\/en\/wp-json\/wp\/v2\/product"}],"about":[{"href":"https:\/\/fuzzymuzik.com\/en\/wp-json\/wp\/v2\/types\/product"}],"wp:featuredmedia":[{"embeddable":true,"href":"https:\/\/fuzzymuzik.com\/en\/wp-json\/wp\/v2\/media\/28785"}],"wp:attachment":[{"href":"https:\/\/fuzzymuzik.com\/en\/wp-json\/wp\/v2\/media?parent=28784"}],"wp:term":[{"taxonomy":"product_brand","embeddable":true,"href":"https:\/\/fuzzymuzik.com\/en\/wp-json\/wp\/v2\/product_brand?post=28784"},{"taxonomy":"product_cat","embeddable":true,"href":"https:\/\/fuzzymuzik.com\/en\/wp-json\/wp\/v2\/product_cat?post=28784"},{"taxonomy":"product_tag","embeddable":true,"href":"https:\/\/fuzzymuzik.com\/en\/wp-json\/wp\/v2\/product_tag?post=28784"}],"curies":[{"name":"wp","href":"https:\/\/api.w.org\/{rel}","templated":true}]}}