{"id":28772,"date":"2025-03-02T16:16:53","date_gmt":"2025-03-02T21:16:53","guid":{"rendered":"https:\/\/fuzzymuzik.com\/?post_type=product&#038;p=28772"},"modified":"2026-04-04T19:46:08","modified_gmt":"2026-04-04T23:46:08","slug":"strawbs-grave-new-world-lp","status":"publish","type":"product","link":"https:\/\/fuzzymuzik.com\/en\/product\/strawbs-grave-new-world-lp\/","title":{"rendered":"Strawbs - Grave New World LP"},"content":{"rendered":"","protected":false},"excerpt":{"rendered":"<p>Album excessivement rare \u00e0 trouver avec une pochette en excellent \u00e9tat. La qualit\u00e9 de production, mat black est fort propice au ringwear . Ici nous sommes au d\u00e9but de la d\u00e9coloration. Une des belles copies trouv\u00e9e, AVEC le booklet.<\/p>\n<p>Album, Vinyle, Label : A&amp;M Records &#8211; SP-4344, 1973, Canada<\/p>\n<p>Vinyl condition: EX<\/p>\n<p>\u00c9tat de la pochette : VG+, gatefold w\/ booklet + A&amp;M branded OIS<\/p>\n<p>_____<\/p>\n<p>We use disc images for reference only. Please note that the photos shown are for reference only. Please refer to our legend to fully understand the condition.<\/p>","protected":false},"featured_media":28777,"template":"","meta":[],"product_brand":[],"product_cat":[54,143,33],"product_tag":[],"class_list":{"0":"post-28772","1":"product","2":"type-product","3":"status-publish","4":"has-post-thumbnail","6":"product_cat-progressif","7":"product_cat-rock-vinyles-usages","8":"product_cat-vinyles-usages","9":"product_shipping_class-posters-us","11":"first","12":"instock","13":"sold-individually","14":"taxable","15":"shipping-taxable","16":"purchasable","17":"product-type-simple"},"_links":{"self":[{"href":"https:\/\/fuzzymuzik.com\/en\/wp-json\/wp\/v2\/product\/28772","targetHints":{"allow":["GET"]}}],"collection":[{"href":"https:\/\/fuzzymuzik.com\/en\/wp-json\/wp\/v2\/product"}],"about":[{"href":"https:\/\/fuzzymuzik.com\/en\/wp-json\/wp\/v2\/types\/product"}],"wp:featuredmedia":[{"embeddable":true,"href":"https:\/\/fuzzymuzik.com\/en\/wp-json\/wp\/v2\/media\/28777"}],"wp:attachment":[{"href":"https:\/\/fuzzymuzik.com\/en\/wp-json\/wp\/v2\/media?parent=28772"}],"wp:term":[{"taxonomy":"product_brand","embeddable":true,"href":"https:\/\/fuzzymuzik.com\/en\/wp-json\/wp\/v2\/product_brand?post=28772"},{"taxonomy":"product_cat","embeddable":true,"href":"https:\/\/fuzzymuzik.com\/en\/wp-json\/wp\/v2\/product_cat?post=28772"},{"taxonomy":"product_tag","embeddable":true,"href":"https:\/\/fuzzymuzik.com\/en\/wp-json\/wp\/v2\/product_tag?post=28772"}],"curies":[{"name":"wp","href":"https:\/\/api.w.org\/{rel}","templated":true}]}}