{"id":28743,"date":"2025-03-02T15:54:54","date_gmt":"2025-03-02T20:54:54","guid":{"rendered":"https:\/\/fuzzymuzik.com\/?post_type=product&#038;p=28743"},"modified":"2026-04-01T22:38:55","modified_gmt":"2026-04-02T02:38:55","slug":"strawbs-the-best-of-strawbs-2x-lp","status":"publish","type":"product","link":"https:\/\/fuzzymuzik.com\/en\/product\/strawbs-the-best-of-strawbs-2x-lp\/","title":{"rendered":"Strawbs - The Best Of Strawbs 2X LP"},"content":{"rendered":"","protected":false},"excerpt":{"rendered":"<p>Double album 2\u00d7 LPs, Compilation, Gatefold, Label : A&amp;M Records &#8211;\u00a0 SP6005, Canada, 1974<\/p>\n<p>Vinyl condition: NM- _ NM-<\/p>\n<p>\u00c9tat de la pochette : VG+ fort (rarement trouv\u00e9 dans cet \u00e9tat), w\/ A&amp;M branded OIS (2)<\/p>\n<p>_____<\/p>\n<p>We use disc images for reference only. Please note that the photos shown are for reference only. Please refer to our legend to fully understand the condition.<\/p>","protected":false},"featured_media":28744,"template":"","meta":[],"product_brand":[],"product_cat":[147,54,143,27,33],"product_tag":[],"class_list":{"0":"post-28743","1":"product","2":"type-product","3":"status-publish","4":"has-post-thumbnail","6":"product_cat-blues-folk-vinyles-usages","7":"product_cat-progressif","8":"product_cat-rock-vinyles-usages","9":"product_cat-vinyles","10":"product_cat-vinyles-usages","11":"product_shipping_class-posters-us","13":"first","14":"instock","15":"sold-individually","16":"taxable","17":"shipping-taxable","18":"purchasable","19":"product-type-simple"},"_links":{"self":[{"href":"https:\/\/fuzzymuzik.com\/en\/wp-json\/wp\/v2\/product\/28743","targetHints":{"allow":["GET"]}}],"collection":[{"href":"https:\/\/fuzzymuzik.com\/en\/wp-json\/wp\/v2\/product"}],"about":[{"href":"https:\/\/fuzzymuzik.com\/en\/wp-json\/wp\/v2\/types\/product"}],"wp:featuredmedia":[{"embeddable":true,"href":"https:\/\/fuzzymuzik.com\/en\/wp-json\/wp\/v2\/media\/28744"}],"wp:attachment":[{"href":"https:\/\/fuzzymuzik.com\/en\/wp-json\/wp\/v2\/media?parent=28743"}],"wp:term":[{"taxonomy":"product_brand","embeddable":true,"href":"https:\/\/fuzzymuzik.com\/en\/wp-json\/wp\/v2\/product_brand?post=28743"},{"taxonomy":"product_cat","embeddable":true,"href":"https:\/\/fuzzymuzik.com\/en\/wp-json\/wp\/v2\/product_cat?post=28743"},{"taxonomy":"product_tag","embeddable":true,"href":"https:\/\/fuzzymuzik.com\/en\/wp-json\/wp\/v2\/product_tag?post=28743"}],"curies":[{"name":"wp","href":"https:\/\/api.w.org\/{rel}","templated":true}]}}